{"id":268304,"date":"2023-12-05T16:37:59","date_gmt":"2023-12-05T15:37:59","guid":{"rendered":"https:\/\/sherpas.com\/blog\/?page_id=268304"},"modified":"2024-08-26T11:43:16","modified_gmt":"2024-08-26T09:43:16","slug":"objectif-bac","status":"publish","type":"page","link":"https:\/\/sherpas.com\/blog\/objectif-bac\/","title":{"rendered":"Objectif BAC"},"content":{"rendered":"\n<div class=\"wp-block-cover is-light wp-embed-aspect-16-9 wp-has-aspect-ratio\" style=\"min-height:247px;aspect-ratio:unset;\"><span aria-hidden=\"true\" class=\"wp-block-cover__background has-vivid-green-cyan-background-color has-background-dim-100 has-background-dim\"><\/span><img decoding=\"async\" class=\"wp-block-cover__image-background\" alt=\"\" src=\"https:\/\/www.youtube.com\/watch?v=Y0tdHl6Pqc4\" data-object-fit=\"cover\" \/><div class=\"wp-block-cover__inner-container is-layout-flow wp-block-cover-is-layout-flow\">\n<h1 class=\"wp-block-heading has-text-align-center has-white-color has-text-color\" id=\"tu-veux-reussir-ton-bac-haut-la-main-decouvre-les-livres-objectif-bac\">Tu veux r\u00e9ussir ton bac haut la main ? D\u00e9couvre les livres Objectif BAC ! \u2728<\/h1>\n<\/div><\/div>\n\n\n\n<div style=\"height:20px\" aria-hidden=\"true\" class=\"wp-block-spacer\"><\/div>\n\n\n\n<div class=\"wp-block-columns is-layout-flex wp-container-core-columns-is-layout-9d6595d7 wp-block-columns-is-layout-flex\">\n<div class=\"wp-block-column is-layout-flow wp-block-column-is-layout-flow\" style=\"flex-basis:33.33%\">\n<figure class=\"wp-block-image size-large\"><img decoding=\"async\" width=\"1080\" height=\"1500\" src=\"https:\/\/sherpas.com\/content\/uploads\/2023\/11\/couverture-objectif-bac.jpg?func=bound&amp;w=1024&amp;h=1024\" alt=\"objectif bac livre\" class=\"wp-image-268305\" srcset=\"https:\/\/xapbm7c37i.cloudimg.io\/https:\/\/sherpas.com\/content\/uploads\/2023\/11\/couverture-objectif-bac.jpg?q=85&amp;force_format=webp&amp;org_if_sml=1&amp;w=1080 1080w, https:\/\/xapbm7c37i.cloudimg.io\/https:\/\/sherpas.com\/content\/uploads\/2023\/11\/couverture-objectif-bac.jpg?q=85&amp;force_format=webp&amp;org_if_sml=1&amp;w=216 216w, https:\/\/xapbm7c37i.cloudimg.io\/https:\/\/sherpas.com\/content\/uploads\/2023\/11\/couverture-objectif-bac.jpg?q=85&amp;force_format=webp&amp;org_if_sml=1&amp;w=737 737w, https:\/\/xapbm7c37i.cloudimg.io\/https:\/\/sherpas.com\/content\/uploads\/2023\/11\/couverture-objectif-bac.jpg?q=85&amp;force_format=webp&amp;org_if_sml=1&amp;w=768 768w, https:\/\/xapbm7c37i.cloudimg.io\/https:\/\/sherpas.com\/content\/uploads\/2023\/11\/couverture-objectif-bac.jpg?q=85&amp;force_format=webp&amp;org_if_sml=1&amp;w=90 90w, https:\/\/xapbm7c37i.cloudimg.io\/https:\/\/sherpas.com\/content\/uploads\/2023\/11\/couverture-objectif-bac.jpg?q=85&amp;force_format=webp&amp;org_if_sml=1&amp;w=196 196w, https:\/\/xapbm7c37i.cloudimg.io\/https:\/\/sherpas.com\/content\/uploads\/2023\/11\/couverture-objectif-bac.jpg?q=85&amp;force_format=webp&amp;org_if_sml=1&amp;w=288 288w, https:\/\/xapbm7c37i.cloudimg.io\/https:\/\/sherpas.com\/content\/uploads\/2023\/11\/couverture-objectif-bac.jpg?q=85&amp;force_format=webp&amp;org_if_sml=1&amp;w=267 267w, https:\/\/xapbm7c37i.cloudimg.io\/https:\/\/sherpas.com\/content\/uploads\/2023\/11\/couverture-objectif-bac.jpg?q=85&amp;force_format=webp&amp;org_if_sml=1&amp;w=265 265w, https:\/\/xapbm7c37i.cloudimg.io\/https:\/\/sherpas.com\/content\/uploads\/2023\/11\/couverture-objectif-bac.jpg?q=85&amp;force_format=webp&amp;org_if_sml=1&amp;w=43 43w\" sizes=\"(max-width: 1080px) 100vw, 1080px\" \/><\/figure>\n<\/div>\n\n\n\n<div class=\"wp-block-column is-layout-flow wp-block-column-is-layout-flow\" style=\"flex-basis:66.66%\">\n<h2 class=\"wp-block-heading\" id=\"le-secret-pour-cartonner-au-bac\">Le secret pour cartonner au bac\u202f? \ud83c\udf93<\/h2>\n\n\n\n<p>Quelle que soit ta classe, et quelle que soit la mati\u00e8re qui t&rsquo;int\u00e9resse, les livres Objectifs Bac rassemblent l&rsquo;ensemble des <strong>notions vues en cours, des exercices pour t&rsquo;entrainer, des sujets du bac corrig\u00e9, le descriptif des \u00e9preuves qui t&rsquo;attendent et un grand nombre de conseils pour te pr\u00e9parer et \u00eatre fin pr\u00eat avant le jour J<\/strong> ! \ud83e\udde0<\/p>\n\n\n\n<div style=\"height:30px\" aria-hidden=\"true\" class=\"wp-block-spacer\"><\/div>\n\n\n\n<p>Et avec tout \u00e7a, toutes <strong>les vid\u00e9os et tutos des Sherpas<\/strong> pour cartonner :<\/p>\n\n\n\n<div class=\"wp-block-group is-vertical is-layout-flex wp-container-core-group-is-layout-8cf370e7 wp-block-group-is-layout-flex\">\n<p>\u2705 <strong>Organisation Jedi : <\/strong>ma\u00eetrise ton temps comme un pro.<\/p>\n\n\n\n<p>\u2705 <strong>R\u00e9visions optimis\u00e9es :<\/strong> d\u00e9veloppe une m\u00e9moire surpuissante.<\/p>\n\n\n\n<p>\u2705 <strong>Efficacit\u00e9 en action : <\/strong>sois le h\u00e9ros de ton propre parcours.<\/p>\n\n\n\n<p>\u2705 <strong>Gestion de stress : <\/strong>apprends \u00e0 dompter le c\u00f4t\u00e9 obscur de l&rsquo;anxi\u00e9t\u00e9.<\/p>\n\n\n\n<p>\u2705 <strong>Motivation : <\/strong>sois le capitaine de ta r\u00e9ussite !<\/p>\n\n\n\n<div style=\"height:0px\" aria-hidden=\"true\" class=\"wp-block-spacer wp-container-content-cf2db169\"><\/div>\n<\/div>\n\n\n<div class=\"wp-block-image\">\n<figure class=\"aligncenter size-full\"><a href=\"https:\/\/amzn.to\/3urSTZh\" target=\"_blank\" rel=\"noreferrer noopener\"><img decoding=\"async\" width=\"288\" height=\"78\" src=\"https:\/\/sherpas.com\/blog\/content\/uploads\/2023\/04\/acheter-sur-amazon.webp\" alt=\"Acheter sur Amazon\" class=\"wp-image-256492\" srcset=\"https:\/\/xapbm7c37i.cloudimg.io\/https:\/\/sherpas.com\/blog\/content\/uploads\/2023\/04\/acheter-sur-amazon.webp?q=85&amp;force_format=webp&amp;org_if_sml=1&amp;w=288 288w, https:\/\/xapbm7c37i.cloudimg.io\/https:\/\/sherpas.com\/blog\/content\/uploads\/2023\/04\/acheter-sur-amazon.webp?q=85&amp;force_format=webp&amp;org_if_sml=1&amp;w=200 200w, https:\/\/xapbm7c37i.cloudimg.io\/https:\/\/sherpas.com\/blog\/content\/uploads\/2023\/04\/acheter-sur-amazon.webp?q=85&amp;force_format=webp&amp;org_if_sml=1&amp;w=265 265w, https:\/\/xapbm7c37i.cloudimg.io\/https:\/\/sherpas.com\/blog\/content\/uploads\/2023\/04\/acheter-sur-amazon.webp?q=85&amp;force_format=webp&amp;org_if_sml=1&amp;w=60 60w\" sizes=\"(max-width: 288px) 100vw, 288px\" \/><\/a><\/figure>\n<\/div><\/div>\n<\/div>\n\n\n\n<div class=\"wp-block-columns is-layout-flex wp-container-core-columns-is-layout-9d6595d7 wp-block-columns-is-layout-flex\">\n<div class=\"wp-block-column is-layout-flow wp-block-column-is-layout-flow\" style=\"flex-basis:100%\">\n<div class=\"wp-block-columns is-layout-flex wp-container-core-columns-is-layout-9d6595d7 wp-block-columns-is-layout-flex\">\n<div class=\"wp-block-column is-layout-flow wp-block-column-is-layout-flow\">\n<div class=\"wp-block-columns is-layout-flex wp-container-core-columns-is-layout-9d6595d7 wp-block-columns-is-layout-flex\">\n<div class=\"wp-block-column is-layout-flow wp-block-column-is-layout-flow\">\n<p style=\"text-align: center\"><strong>Prends en compte tous nos conseils, revois bien le programme et exerce-toi un maximum : ce livre t\u2019offre tout ce dont tu as besoin pour d\u00e9crocher ton bac haut la main ! \ud83c\udfc6<\/strong><\/p>\n<\/div>\n<\/div>\n<\/div>\n<\/div>\n<\/div>\n<\/div>\n\n\n\n<div class=\"wp-block-columns is-layout-flex wp-container-core-columns-is-layout-9d6595d7 wp-block-columns-is-layout-flex\">\n<div class=\"wp-block-column is-layout-flow wp-block-column-is-layout-flow\">\n<figure class=\"wp-block-embed is-type-video is-provider-youtube wp-block-embed-youtube\"><div style=\"display: contents;\" >\n\n<div data-mode=\"normal\" data-oembed=\"1\" data-provider=\"youtube\" id=\"arve-youtube-phajyn-2dhq\" class=\"arve\">\n\t<div class=\"arve-inner\">\n\t\t<div class=\"arve-embed arve-embed--has-aspect-ratio\">\n\t\t\t<div class=\"arve-ar\" style=\"padding-top:56.250000%\"><\/div>\n\t\t\t<iframe allow=\"accelerometer &apos;none&apos;;autoplay &apos;none&apos;;bluetooth &apos;none&apos;;browsing-topics &apos;none&apos;;camera &apos;none&apos;;clipboard-read &apos;none&apos;;clipboard-write;display-capture &apos;none&apos;;encrypted-media &apos;none&apos;;gamepad &apos;none&apos;;geolocation &apos;none&apos;;gyroscope &apos;none&apos;;hid &apos;none&apos;;identity-credentials-get &apos;none&apos;;idle-detection &apos;none&apos;;keyboard-map &apos;none&apos;;local-fonts;magnetometer &apos;none&apos;;microphone &apos;none&apos;;midi &apos;none&apos;;otp-credentials &apos;none&apos;;payment &apos;none&apos;;picture-in-picture;publickey-credentials-create &apos;none&apos;;publickey-credentials-get &apos;none&apos;;screen-wake-lock &apos;none&apos;;serial &apos;none&apos;;summarizer &apos;none&apos;;sync-xhr;usb &apos;none&apos;;web-share;window-management &apos;none&apos;;xr-spatial-tracking &apos;none&apos;;\" allowfullscreen=\"\" class=\"arve-iframe fitvidsignore\" credentialless data-arve=\"arve-youtube-phajyn-2dhq\" data-lenis-prevent=\"\" data-src-no-ap=\"https:\/\/www.youtube-nocookie.com\/embed\/PHaJYn-2dhQ?feature=oembed&amp;iv_load_policy=3&amp;modestbranding=1&amp;rel=0&amp;autohide=1&amp;playsinline=0&amp;autoplay=0\" frameborder=\"0\" height=\"0\" loading=\"lazy\" name=\"\" referrerpolicy=\"strict-origin-when-cross-origin\" sandbox=\"allow-scripts allow-same-origin allow-presentation allow-popups allow-popups-to-escape-sandbox\" scrolling=\"no\" src=\"https:\/\/www.youtube-nocookie.com\/embed\/PHaJYn-2dhQ?feature=oembed&#038;iv_load_policy=3&#038;modestbranding=1&#038;rel=0&#038;autohide=1&#038;playsinline=0&#038;autoplay=0\" title=\"\" width=\"0\"><\/iframe>\n\t\t\t\n\t\t<\/div>\n\t\t\n\t<\/div>\n\t\n\t\n\t<script type=\"application\/ld+json\">{\"@context\":\"http:\\\/\\\/schema.org\\\/\",\"@id\":\"https:\\\/\\\/sherpas.com\\\/blog\\\/objectif-bac\\\/#arve-youtube-phajyn-2dhq\",\"type\":\"VideoObject\",\"embedURL\":\"https:\\\/\\\/www.youtube-nocookie.com\\\/embed\\\/PHaJYn-2dhQ?feature=oembed&iv_load_policy=3&modestbranding=1&rel=0&autohide=1&playsinline=0&autoplay=0\"}<\/script>\n\t\n<\/div>\n<\/div><\/figure>\n<\/div>\n\n\n\n<div class=\"wp-block-column is-layout-flow wp-block-column-is-layout-flow\">\n<figure class=\"wp-block-embed is-type-video is-provider-youtube wp-block-embed-youtube\"><div style=\"display: contents;\" >\n\n<div data-mode=\"normal\" data-oembed=\"1\" data-provider=\"youtube\" id=\"arve-youtube-yd3ciu3napu\" class=\"arve\">\n\t<div class=\"arve-inner\">\n\t\t<div class=\"arve-embed arve-embed--has-aspect-ratio\">\n\t\t\t<div class=\"arve-ar\" style=\"padding-top:56.250000%\"><\/div>\n\t\t\t<iframe allow=\"accelerometer &apos;none&apos;;autoplay &apos;none&apos;;bluetooth &apos;none&apos;;browsing-topics &apos;none&apos;;camera &apos;none&apos;;clipboard-read &apos;none&apos;;clipboard-write;display-capture &apos;none&apos;;encrypted-media &apos;none&apos;;gamepad &apos;none&apos;;geolocation &apos;none&apos;;gyroscope &apos;none&apos;;hid &apos;none&apos;;identity-credentials-get &apos;none&apos;;idle-detection &apos;none&apos;;keyboard-map &apos;none&apos;;local-fonts;magnetometer &apos;none&apos;;microphone &apos;none&apos;;midi &apos;none&apos;;otp-credentials &apos;none&apos;;payment &apos;none&apos;;picture-in-picture;publickey-credentials-create &apos;none&apos;;publickey-credentials-get &apos;none&apos;;screen-wake-lock &apos;none&apos;;serial &apos;none&apos;;summarizer &apos;none&apos;;sync-xhr;usb &apos;none&apos;;web-share;window-management &apos;none&apos;;xr-spatial-tracking &apos;none&apos;;\" allowfullscreen=\"\" class=\"arve-iframe fitvidsignore\" credentialless data-arve=\"arve-youtube-yd3ciu3napu\" data-lenis-prevent=\"\" data-src-no-ap=\"https:\/\/www.youtube-nocookie.com\/embed\/yD3Ciu3nApU?feature=oembed&amp;iv_load_policy=3&amp;modestbranding=1&amp;rel=0&amp;autohide=1&amp;playsinline=0&amp;autoplay=0\" frameborder=\"0\" height=\"0\" loading=\"lazy\" name=\"\" referrerpolicy=\"strict-origin-when-cross-origin\" sandbox=\"allow-scripts allow-same-origin allow-presentation allow-popups allow-popups-to-escape-sandbox\" scrolling=\"no\" src=\"https:\/\/www.youtube-nocookie.com\/embed\/yD3Ciu3nApU?feature=oembed&#038;iv_load_policy=3&#038;modestbranding=1&#038;rel=0&#038;autohide=1&#038;playsinline=0&#038;autoplay=0\" title=\"\" width=\"0\"><\/iframe>\n\t\t\t\n\t\t<\/div>\n\t\t\n\t<\/div>\n\t\n\t\n\t<script type=\"application\/ld+json\">{\"@context\":\"http:\\\/\\\/schema.org\\\/\",\"@id\":\"https:\\\/\\\/sherpas.com\\\/blog\\\/objectif-bac\\\/#arve-youtube-yd3ciu3napu\",\"type\":\"VideoObject\",\"embedURL\":\"https:\\\/\\\/www.youtube-nocookie.com\\\/embed\\\/yD3Ciu3nApU?feature=oembed&iv_load_policy=3&modestbranding=1&rel=0&autohide=1&playsinline=0&autoplay=0\"}<\/script>\n\t\n<\/div>\n<\/div><\/figure>\n<\/div>\n\n\n\n<div class=\"wp-block-column is-layout-flow wp-block-column-is-layout-flow\">\n<figure class=\"wp-block-embed is-type-video is-provider-youtube wp-block-embed-youtube\"><div style=\"display: contents;\" >\n\n<div data-mode=\"normal\" data-oembed=\"1\" data-provider=\"youtube\" id=\"arve-youtube-zaxijmcsnuc\" class=\"arve\">\n\t<div class=\"arve-inner\">\n\t\t<div class=\"arve-embed arve-embed--has-aspect-ratio\">\n\t\t\t<div class=\"arve-ar\" style=\"padding-top:56.250000%\"><\/div>\n\t\t\t<iframe allow=\"accelerometer &apos;none&apos;;autoplay &apos;none&apos;;bluetooth &apos;none&apos;;browsing-topics &apos;none&apos;;camera &apos;none&apos;;clipboard-read &apos;none&apos;;clipboard-write;display-capture &apos;none&apos;;encrypted-media &apos;none&apos;;gamepad &apos;none&apos;;geolocation &apos;none&apos;;gyroscope &apos;none&apos;;hid &apos;none&apos;;identity-credentials-get &apos;none&apos;;idle-detection &apos;none&apos;;keyboard-map &apos;none&apos;;local-fonts;magnetometer &apos;none&apos;;microphone &apos;none&apos;;midi &apos;none&apos;;otp-credentials &apos;none&apos;;payment &apos;none&apos;;picture-in-picture;publickey-credentials-create &apos;none&apos;;publickey-credentials-get &apos;none&apos;;screen-wake-lock &apos;none&apos;;serial &apos;none&apos;;summarizer &apos;none&apos;;sync-xhr;usb &apos;none&apos;;web-share;window-management &apos;none&apos;;xr-spatial-tracking &apos;none&apos;;\" allowfullscreen=\"\" class=\"arve-iframe fitvidsignore\" credentialless data-arve=\"arve-youtube-zaxijmcsnuc\" data-lenis-prevent=\"\" data-src-no-ap=\"https:\/\/www.youtube-nocookie.com\/embed\/zAxIJMCSNuc?feature=oembed&amp;iv_load_policy=3&amp;modestbranding=1&amp;rel=0&amp;autohide=1&amp;playsinline=0&amp;autoplay=0\" frameborder=\"0\" height=\"0\" loading=\"lazy\" name=\"\" referrerpolicy=\"strict-origin-when-cross-origin\" sandbox=\"allow-scripts allow-same-origin allow-presentation allow-popups allow-popups-to-escape-sandbox\" scrolling=\"no\" src=\"https:\/\/www.youtube-nocookie.com\/embed\/zAxIJMCSNuc?feature=oembed&#038;iv_load_policy=3&#038;modestbranding=1&#038;rel=0&#038;autohide=1&#038;playsinline=0&#038;autoplay=0\" title=\"\" width=\"0\"><\/iframe>\n\t\t\t\n\t\t<\/div>\n\t\t\n\t<\/div>\n\t\n\t\n\t<script type=\"application\/ld+json\">{\"@context\":\"http:\\\/\\\/schema.org\\\/\",\"@id\":\"https:\\\/\\\/sherpas.com\\\/blog\\\/objectif-bac\\\/#arve-youtube-zaxijmcsnuc\",\"type\":\"VideoObject\",\"embedURL\":\"https:\\\/\\\/www.youtube-nocookie.com\\\/embed\\\/zAxIJMCSNuc?feature=oembed&iv_load_policy=3&modestbranding=1&rel=0&autohide=1&playsinline=0&autoplay=0\"}<\/script>\n\t\n<\/div>\n<\/div><\/figure>\n<\/div>\n<\/div>\n\n\n\n<div class=\"wp-block-columns is-layout-flex wp-container-core-columns-is-layout-9d6595d7 wp-block-columns-is-layout-flex\">\n<div class=\"wp-block-column is-layout-flow wp-block-column-is-layout-flow\" style=\"flex-basis:100%\">\n<div class=\"wp-block-columns is-layout-flex wp-container-core-columns-is-layout-9d6595d7 wp-block-columns-is-layout-flex\">\n<div class=\"wp-block-column is-layout-flow wp-block-column-is-layout-flow\">\n<div class=\"wp-block-columns is-layout-flex wp-container-core-columns-is-layout-9d6595d7 wp-block-columns-is-layout-flex\">\n<div class=\"wp-block-column is-layout-flow wp-block-column-is-layout-flow\"><\/div>\n<\/div>\n<\/div>\n<\/div>\n<\/div>\n<\/div>\n\n\n\n<div class=\"wp-block-columns is-layout-flex wp-container-core-columns-is-layout-9d6595d7 wp-block-columns-is-layout-flex\">\n<div class=\"wp-block-column is-layout-flow wp-block-column-is-layout-flow\">\n<h2 class=\"wp-block-heading has-text-align-center\" id=\"disponible-en-ligne-sur-amazon-objectif-bac-est-bien-plus-quun-livre-cest-ton-guide-pour-une-annee-reussie\">Disponible en ligne sur <a href=\"https:\/\/amzn.to\/3urSTZh\" target=\"_blank\" rel=\"noopener\">Amazon<\/a>, Objectif BAC est bien plus qu&rsquo;un livre, c&rsquo;est <strong>ton guide <\/strong>pour une ann\u00e9e r\u00e9ussie ! \ud83d\udcaa<\/h2>\n<\/div>\n<\/div>\n\n\n\n<div style=\"height:24px\" aria-hidden=\"true\" class=\"wp-block-spacer\"><\/div>\n\n\n\n<div class=\"wp-block-columns is-layout-flex wp-container-core-columns-is-layout-9d6595d7 wp-block-columns-is-layout-flex\">\n<div class=\"wp-block-column is-layout-flow wp-block-column-is-layout-flow\">\n<figure class=\"wp-block-image size-large is-resized\"><img decoding=\"async\" width=\"1024\" height=\"765\" src=\"https:\/\/sherpas.com\/content\/uploads\/2023\/02\/william-etienne-sherpas-1024x765.webp\" alt=\"Etienne et William, co-fondateurs des Sherpas\" class=\"wp-image-254652\" style=\"width:413px;height:auto\" srcset=\"https:\/\/xapbm7c37i.cloudimg.io\/https:\/\/sherpas.com\/content\/uploads\/2023\/02\/william-etienne-sherpas-1024x765.webp?q=85&amp;force_format=webp&amp;org_if_sml=1&amp;w=1024 1024w, https:\/\/xapbm7c37i.cloudimg.io\/https:\/\/sherpas.com\/content\/uploads\/2023\/02\/william-etienne-sherpas-1024x765.webp?q=85&amp;force_format=webp&amp;org_if_sml=1&amp;w=300 300w, https:\/\/xapbm7c37i.cloudimg.io\/https:\/\/sherpas.com\/content\/uploads\/2023\/02\/william-etienne-sherpas-1024x765.webp?q=85&amp;force_format=webp&amp;org_if_sml=1&amp;w=768 768w, https:\/\/xapbm7c37i.cloudimg.io\/https:\/\/sherpas.com\/content\/uploads\/2023\/02\/william-etienne-sherpas-1024x765.webp?q=85&amp;force_format=webp&amp;org_if_sml=1&amp;w=167 167w, https:\/\/xapbm7c37i.cloudimg.io\/https:\/\/sherpas.com\/content\/uploads\/2023\/02\/william-etienne-sherpas-1024x765.webp?q=85&amp;force_format=webp&amp;org_if_sml=1&amp;w=364 364w, https:\/\/xapbm7c37i.cloudimg.io\/https:\/\/sherpas.com\/content\/uploads\/2023\/02\/william-etienne-sherpas-1024x765.webp?q=85&amp;force_format=webp&amp;org_if_sml=1&amp;w=288 288w, https:\/\/xapbm7c37i.cloudimg.io\/https:\/\/sherpas.com\/content\/uploads\/2023\/02\/william-etienne-sherpas-1024x765.webp?q=85&amp;force_format=webp&amp;org_if_sml=1&amp;w=496 496w, https:\/\/xapbm7c37i.cloudimg.io\/https:\/\/sherpas.com\/content\/uploads\/2023\/02\/william-etienne-sherpas-1024x765.webp?q=85&amp;force_format=webp&amp;org_if_sml=1&amp;w=265 265w, https:\/\/xapbm7c37i.cloudimg.io\/https:\/\/sherpas.com\/content\/uploads\/2023\/02\/william-etienne-sherpas-1024x765.webp?q=85&amp;force_format=webp&amp;org_if_sml=1&amp;w=60 60w, https:\/\/xapbm7c37i.cloudimg.io\/https:\/\/sherpas.com\/content\/uploads\/2023\/02\/william-etienne-sherpas-1024x765.webp?q=85&amp;force_format=webp&amp;org_if_sml=1&amp;w=1212 1212w\" sizes=\"(max-width: 1024px) 100vw, 1024px\" \/><figcaption class=\"wp-element-caption\"><em>Etienne et William, cofondateurs des Sherpas<\/em>.<\/figcaption><\/figure>\n<\/div>\n\n\n\n<div class=\"wp-block-column is-layout-flow wp-block-column-is-layout-flow\">\n<h2 class=\"wp-block-heading\" id=\"pourquoi-faire-confiance-aux-sherpas\">Pourquoi faire confiance aux Sherpas ?<\/h2>\n\n\n\n<div style=\"height:27px\" aria-hidden=\"true\" class=\"wp-block-spacer\"><\/div>\n\n\n\n<div class=\"wp-block-group is-vertical is-layout-flex wp-container-core-group-is-layout-8cf370e7 wp-block-group-is-layout-flex\">\n<p>\u2713\u00a0<strong>\u200bLes Sherpas est le m\u00e9dia de r\u00e9f\u00e9rence pour r\u00e9ussir tes \u00e9tudes<\/strong>\u00a0: 600 000 visiteurs par mois et 170\u00a0000 abonn\u00e9s YouTube suivent nos conseils tous les mois !<\/p>\n\n\n\n<p>\u2713 \u200b<strong>100 % test\u00e9 et approuv\u00e9 !<\/strong>&nbsp;Nous avons rassembl\u00e9 toutes les techniques de tes illustres pr\u00e9d\u00e9cesseurs pour ne garder que ce qui marche. Efficacit\u00e9 garantie !<\/p>\n\n\n\n<div class=\"wp-block-buttons is-layout-flex wp-block-buttons-is-layout-flex\">\n<div class=\"wp-block-button\"><a class=\"wp-block-button__link has-vivid-green-cyan-background-color has-background has-text-align-center wp-element-button\" href=\"https:\/\/sherpas.com\/blog\/qui-sommes-nous\/\">Qui sommes-nous ?<\/a><\/div>\n<\/div>\n<\/div>\n<\/div>\n<\/div>\n","protected":false},"excerpt":{"rendered":"<p>Le secret pour cartonner au bac\u202f? \ud83c\udf93 Quelle que soit ta classe, et quelle que soit la mati\u00e8re (&#8230;)<\/p>\n","protected":false},"author":334,"featured_media":0,"parent":0,"menu_order":3,"comment_status":"closed","ping_status":"closed","template":"landing-template","meta":{"_acf_changed":false,"footnotes":""},"category":[],"tag":[],"class_list":["post-268304","page","type-page","status-publish","hentry"],"acf":[],"_links":{"self":[{"href":"https:\/\/sherpas.com\/blog\/wp-json\/wp\/v2\/pages\/268304","targetHints":{"allow":["GET"]}}],"collection":[{"href":"https:\/\/sherpas.com\/blog\/wp-json\/wp\/v2\/pages"}],"about":[{"href":"https:\/\/sherpas.com\/blog\/wp-json\/wp\/v2\/types\/page"}],"author":[{"embeddable":true,"href":"https:\/\/sherpas.com\/blog\/wp-json\/wp\/v2\/users\/334"}],"replies":[{"embeddable":true,"href":"https:\/\/sherpas.com\/blog\/wp-json\/wp\/v2\/comments?post=268304"}],"version-history":[{"count":0,"href":"https:\/\/sherpas.com\/blog\/wp-json\/wp\/v2\/pages\/268304\/revisions"}],"wp:attachment":[{"href":"https:\/\/sherpas.com\/blog\/wp-json\/wp\/v2\/media?parent=268304"}],"wp:term":[{"taxonomy":"category","embeddable":true,"href":"https:\/\/sherpas.com\/blog\/wp-json\/wp\/v2\/category?post=268304"},{"taxonomy":"tag","embeddable":true,"href":"https:\/\/sherpas.com\/blog\/wp-json\/wp\/v2\/tag?post=268304"}],"curies":[{"name":"wp","href":"https:\/\/api.w.org\/{rel}","templated":true}]}}