{"id":263546,"date":"2023-09-11T10:00:04","date_gmt":"2023-09-11T08:00:04","guid":{"rendered":"https:\/\/sherpas.com\/blog\/?page_id=263546"},"modified":"2024-08-26T12:53:09","modified_gmt":"2024-08-26T10:53:09","slug":"classement-lycees","status":"publish","type":"page","link":"https:\/\/sherpas.com\/blog\/trouver-ta-voie\/classements\/classement-lycees\/","title":{"rendered":"Classement lyc\u00e9es"},"content":{"rendered":"<section class=\"slice-full-page\" data-max=\"21\">\n    <div class=\"container\">\n        <div class=\"d-lg-flex align-items-end\">\n                            <h1 class=\"slice-full-page__title\" id=\"classement-lycees\">\n                    Classement lyc\u00e9es \n                <\/h1>\n                                <\/div>\n                    <article class=\"seo-description\">\n                <div class=\"visible-content\"><h2 id=\"pourquoi-consulter-les-classements-des-lycees\">\ud83c\udfaf Pourquoi consulter les classements des lyc\u00e9es ?<\/h2>\n<p>Trouver le bon lyc\u00e9e, c\u2019est comme choisir les bonnes chaussures pour un marathon : \u00e7a doit \u00eatre confortable, adapt\u00e9 et motivant. Les classements te servent de boussole. \ud83e\udded<\/p>\n<p><\/div><div class=\"hidden-content\" style=\"display: none;\"><\/p>\n<p>Ils offrent un aper\u00e7u des performances :<\/p>\n<ul style=\"margin-top: 10px;\">\n<li><a href=\"https:\/\/sherpas.com\/blog\/tag\/bac\/\">Taux de r\u00e9ussite au bac<\/a><\/li>\n<li>Mentions<\/li>\n<li>Progression des \u00e9l\u00e8ves\u2026<\/li>\n<\/ul>\n<p>Mais ce n\u2019est pas tout. Chez <strong>Les Sherpas<\/strong>, on sait que le choix d\u00e9pend aussi de l\u2019ambiance, des options (sport, arts, langues) et du feeling. \ud83c\udf93<\/p>\n<p>On t\u2019aide \u00e0 lire entre les lignes pour un choix \u00e9clair\u00e9. \ud83d\udca1<\/p>\n<h2 id=\"comment-sont-calcules-les-classements-des-lycees\">\ud83c\udfc6 Comment sont calcul\u00e9s les classements des lyc\u00e9es ?<\/h2>\n<p>Tu te demandes ce qui se cache derri\u00e8re ces chiffres ? \ud83e\udd14 Ils se basent sur plusieurs crit\u00e8res :<\/p>\n<ul style=\"margin-top: 10px;\">\n<li>Taux de r\u00e9ussite au bac<\/li>\n<li>Nombre de mentions<\/li>\n<li>Et surtout la <strong>valeur ajout\u00e9e<\/strong> du lyc\u00e9e. Cette derni\u00e8re mesure la capacit\u00e9 \u00e0 faire progresser les \u00e9l\u00e8ves.\ud83d\ude80<\/li>\n<\/ul>\n<p>On ne parle pas que de performances brutes, mais d&rsquo;\u00e9volution. Nos articles te donnent les cl\u00e9s pour analyser ces donn\u00e9es. \ud83d\udd11<\/p>\n<h2 id=\"quels-sont-les-meilleurs-lycees-en-france\">\ud83c\udf1f Quels sont les meilleurs lyc\u00e9es en France ?<\/h2>\n<p>On entend souvent parler de Louis-le-Grand ou Henri-IV. \ud83c\udfeb Ce sont des r\u00e9f\u00e9rences, surtout pour les <a href=\"https:\/\/sherpas.com\/blog\/trouver-ta-voie\/classements\/classement-prepas\/\">pr\u00e9pas<\/a>. Mais ils ne conviennent pas \u00e0 tout le monde. \ud83d\ude0c<\/p>\n<p>Certains lyc\u00e9es brillent dans des sp\u00e9cialit\u00e9s :<\/p>\n<ul style=\"margin-top: 10px;\">\n<li>Arts<\/li>\n<li>Sport<\/li>\n<li><a href=\"https:\/\/sherpas.com\/cours\/anglais\/\">Langues<\/a>&#8230;<\/li>\n<\/ul>\n<p>D\u2019autres sont des p\u00e9pites locales, proches de chez toi. \ud83d\udc8e\ud83d\udeb4\u200d\u2642\ufe0f<\/p>\n<p>Chez Les Sherpas, on te montre que le \u00ab\u00a0meilleur\u00a0\u00bb lyc\u00e9e, c\u2019est celui o\u00f9 tu t\u2019\u00e9panouis. \ud83d\udc4d<\/p>\n<h2 id=\"comment-choisir-un-lycee-adapte-a-ton-profil\">\ud83e\udde9 Comment choisir un lyc\u00e9e adapt\u00e9 \u00e0 ton profil ?<\/h2>\n<p>Tu veux savoir comment faire le bon choix ? \ud83e\udd14 Commence par d\u00e9finir tes objectifs : <a href=\"https:\/\/sherpas.com\/blog\/tag\/prepa\/\">pr\u00e9pas<\/a>, options sp\u00e9cifiques, ou simplement un cadre motivant ?<\/p>\n<p>Pense aux options : sections europ\u00e9ennes, arts, <a href=\"https:\/\/sherpas.com\/blog\/tag\/theatre\/\">th\u00e9\u00e2tre<\/a>, langues rares&#8230; \ud83c\udfa8\ud83c\udfad Et surtout \u00e0 l\u2019ambiance : c\u2019est essentiel pour r\u00e9ussir.<\/p>\n<p>Chez Les Sherpas, on t\u2019encourage \u00e0 visiter les <a href=\"https:\/\/sherpas.com\/blog\/tag\/lycee\/\">lyc\u00e9es<\/a> et \u00e9changer avec les \u00e9l\u00e8ves. \ud83d\udcac Nos contenus te guident pour un choix align\u00e9 avec tes ambitions. \u2728<\/p>\n<h2 id=\"pret-a-tracer-ta-route\">\ud83d\ude80 Pr\u00eat \u00e0 tracer ta route ?<\/h2>\n<p>Tu as d\u00e9sormais toutes les cartes pour comprendre les classements et choisir ton lyc\u00e9e id\u00e9al. \ud83d\udcaa<\/p>\n<p><strong>\ud83d\udccc Astuce Sherpas :<\/strong> Besoin d\u2019aide pour ta rentr\u00e9e ou tes r\u00e9visions ? Nos <a href=\"https:\/\/sherpas.com\/cours\/soutien-scolaire\/\">cours particuliers<\/a> sont l\u00e0 pour toi. \u2728<\/p>\n<\/div><button id=\"readmore\"><svg width=\"14\" height=\"10\" viewBox=\"0 0 14 10\" fill=\"none\" xmlns=\"http:\/\/www.w3.org\/2000\/svg\">\n        <path fill-rule=\"evenodd\" clip-rule=\"evenodd\" d=\"M0.410051 1.21004C0.956784 0.663304 1.84322 0.663304 2.38995 1.21004L7 5.82009L11.6101 1.21004C12.1568 0.663304 13.0432 0.663304 13.5899 1.21004C14.1367 1.75677 14.1367 2.6432 13.5899 3.18994L7.98995 8.78994C7.44322 9.33667 6.55678 9.33667 6.01005 8.78994L0.410051 3.18994C-0.136684 2.6432 -0.136684 1.75677 0.410051 1.21004Z\" fill=\"#4F46E5\"\/>\n        <\/svg><\/button>\n            <\/article>\n                                <div class=\"slice-full-page__articles\">\n            <div class=\"row\">\n                                                            <\/div>\n            <div class=\"row\">\n                <div class=\"col-12\">\n                                    <\/div>\n            <\/div>\n        <\/div>\n    <\/div>\n<\/section>\n\n<section class=\"categories\">\n    <div class=\"container\">\n        <h2 class=\"categories__title\" id=\"trouve-ta-voie\">\n                        Trouve ta&nbsp;voie\n        <\/h2>\n        <div class=\"categories__items swiper\">\n            <div class=\"swiper-wrapper\">\n                                                        <div class=\"swiper-slide\">\n                        <a class=\"categories__item\" href=\"https:\/\/sherpas.com\/blog\/trouver-ta-voie\/orientation\/\">\n                                                            <div class=\"categories__item-image\">\n                                    <img decoding=\"async\" src=\"https:\/\/sherpas.com\/content\/uploads\/2021\/10\/valentin-antonucci-450400-unsplash-e1544008908529.jpg\" alt=\"Orientation et Parcoursup\">\n                                <\/div>\n                                                        <div class=\"categories__item-content\">\n                                <h3 class=\"t-08 text-white\" id=\"orientation-et-parcoursup\">Orientation et Parcoursup<\/h3>\n                                <div class=\"categories__item-count\">\n                                    <svg>\n                                        <use\n                                            xlink:href=\"\/content\/themes\/sherpas-theme\/dist\/images\/sprite.svg#files\"\/>\n                                    <\/svg>\n                                    <span>44 articles<\/span>\n                                <\/div>\n                            <\/div>\n                        <\/a>\n                    <\/div>\n                                                        <div class=\"swiper-slide\">\n                        <a class=\"categories__item\" href=\"https:\/\/sherpas.com\/blog\/trouver-ta-voie\/diplomes-formations\/\">\n                                                            <div class=\"categories__item-image\">\n                                    <img decoding=\"async\" src=\"https:\/\/sherpas.com\/content\/uploads\/2023\/09\/diplomes-2.jpg\" alt=\"Dipl\u00f4mes &amp; Formations\">\n                                <\/div>\n                                                        <div class=\"categories__item-content\">\n                                <h3 class=\"t-08 text-white\" id=\"diplomes-formations\">Dipl\u00f4mes &amp; Formations<\/h3>\n                                <div class=\"categories__item-count\">\n                                    <svg>\n                                        <use\n                                            xlink:href=\"\/content\/themes\/sherpas-theme\/dist\/images\/sprite.svg#files\"\/>\n                                    <\/svg>\n                                    <span>76 articles<\/span>\n                                <\/div>\n                            <\/div>\n                        <\/a>\n                    <\/div>\n                                                        <div class=\"swiper-slide\">\n                        <a class=\"categories__item\" href=\"https:\/\/sherpas.com\/blog\/trouver-ta-voie\/metiers\/\">\n                                                            <div class=\"categories__item-image\">\n                                    <img decoding=\"async\" src=\"https:\/\/sherpas.com\/content\/uploads\/2023\/09\/metiers.jpg\" alt=\"M\u00e9tiers\">\n                                <\/div>\n                                                        <div class=\"categories__item-content\">\n                                <h3 class=\"t-08 text-white\" id=\"metiers\">M\u00e9tiers<\/h3>\n                                <div class=\"categories__item-count\">\n                                    <svg>\n                                        <use\n                                            xlink:href=\"\/content\/themes\/sherpas-theme\/dist\/images\/sprite.svg#files\"\/>\n                                    <\/svg>\n                                    <span>125 articles<\/span>\n                                <\/div>\n                            <\/div>\n                        <\/a>\n                    <\/div>\n                                                        <div class=\"swiper-slide\">\n                        <a class=\"categories__item\" href=\"https:\/\/sherpas.com\/blog\/trouver-ta-voie\/alternance-stages\/\">\n                                                            <div class=\"categories__item-image\">\n                                    <img decoding=\"async\" src=\"https:\/\/sherpas.com\/content\/uploads\/2023\/09\/alternances-stages-2.jpg\" alt=\"Alternance et stages\">\n                                <\/div>\n                                                        <div class=\"categories__item-content\">\n                                <h3 class=\"t-08 text-white\" id=\"alternance-et-stages\">Alternance et stages<\/h3>\n                                <div class=\"categories__item-count\">\n                                    <svg>\n                                        <use\n                                            xlink:href=\"\/content\/themes\/sherpas-theme\/dist\/images\/sprite.svg#files\"\/>\n                                    <\/svg>\n                                    <span>17 articles<\/span>\n                                <\/div>\n                            <\/div>\n                        <\/a>\n                    <\/div>\n                                                        <div class=\"swiper-slide\">\n                        <a class=\"categories__item\" href=\"https:\/\/sherpas.com\/blog\/trouver-ta-voie\/etudes-etranger\/\">\n                                                            <div class=\"categories__item-image\">\n                                    <img decoding=\"async\" src=\"https:\/\/sherpas.com\/content\/uploads\/2023\/10\/etudes-a-letranger-2.jpg\" alt=\"\u00c9tudes \u00e0 l'\u00e9tranger\">\n                                <\/div>\n                                                        <div class=\"categories__item-content\">\n                                <h3 class=\"t-08 text-white\" id=\"etudes-a-letranger\">\u00c9tudes \u00e0 l&rsquo;\u00e9tranger<\/h3>\n                                <div class=\"categories__item-count\">\n                                    <svg>\n                                        <use\n                                            xlink:href=\"\/content\/themes\/sherpas-theme\/dist\/images\/sprite.svg#files\"\/>\n                                    <\/svg>\n                                    <span>6 articles<\/span>\n                                <\/div>\n                            <\/div>\n                        <\/a>\n                    <\/div>\n                            <\/div>\n        <\/div>\n\n            <\/div>\n<\/section>\n\n\n<section class=\"edito-banner\">\n            <a target=\"\"\n           href=\"https:\/\/sherpas.com\/blog\/guide-orientation\/\">\n            <div class=\"container\">\n                <div class=\"edito-banner__text-bg\">\n                                            ebook\n                                    <\/div>\n                <div class=\"row justify-content-center align-items-center flex-md-row-reverse\">\n                    <div class=\"col-12 col-md-4 offset-md-1 edito-banner__content\">\n                        <div class=\"d-md-none edito-banner__title\">Notre guide de l&rsquo;orientation<\/div>\n                                                    <img decoding=\"async\" class=\"mt-30 mt-md-0\" alt =\"Notre guide de l'orientation\" src=\"https:\/\/sherpas.com\/content\/uploads\/2020\/12\/Ebook-Sherpas-Cover-V2-Orientation.png\">\n                                            <\/div>\n                    <div class=\"col-12 col-md-8 col-lg-5\">\n                        <div class=\"d-none d-md-block edito-banner__title\">Notre guide de l&rsquo;orientation<\/div>\n                        <div class=\"edito-banner__text font-weight-normal mt-20\"><p>Tu ne sais pas quoi faire apr\u00e8s le bac ? T\u00e9l\u00e9charge notre guide sur l\u2019orientation pour t\u2019aider \u00e0 esquisser ton projet professionnel et voir l\u2019avenir plus nettement.<\/p>\n<\/div>\n                                                    <button type=\"button\"\n                                    class=\"mt-30 btn btn-purple\">T\u00c9L\u00c9CHARGE NOTRE GUIDE<\/button>\n                                                <div class=\"mt-30 mt-md-40 t-11\">\n                                                    <\/div>\n                    <\/div>\n                <\/div>\n            <\/div>\n        <\/a>\n    <\/section>\n","protected":false},"excerpt":{"rendered":"","protected":false},"author":326,"featured_media":0,"parent":186334,"menu_order":1,"comment_status":"closed","ping_status":"closed","template":"category-template","meta":{"_acf_changed":false,"footnotes":""},"category":[834,139,135],"tag":[],"class_list":["post-263546","page","type-page","status-publish","hentry","category-classement-lycees","category-classement-des-ecoles","category-trouver-sa-voie"],"acf":[],"_links":{"self":[{"href":"https:\/\/sherpas.com\/blog\/wp-json\/wp\/v2\/pages\/263546","targetHints":{"allow":["GET"]}}],"collection":[{"href":"https:\/\/sherpas.com\/blog\/wp-json\/wp\/v2\/pages"}],"about":[{"href":"https:\/\/sherpas.com\/blog\/wp-json\/wp\/v2\/types\/page"}],"author":[{"embeddable":true,"href":"https:\/\/sherpas.com\/blog\/wp-json\/wp\/v2\/users\/326"}],"replies":[{"embeddable":true,"href":"https:\/\/sherpas.com\/blog\/wp-json\/wp\/v2\/comments?post=263546"}],"version-history":[{"count":0,"href":"https:\/\/sherpas.com\/blog\/wp-json\/wp\/v2\/pages\/263546\/revisions"}],"up":[{"embeddable":true,"href":"https:\/\/sherpas.com\/blog\/wp-json\/wp\/v2\/pages\/186334"}],"wp:attachment":[{"href":"https:\/\/sherpas.com\/blog\/wp-json\/wp\/v2\/media?parent=263546"}],"wp:term":[{"taxonomy":"category","embeddable":true,"href":"https:\/\/sherpas.com\/blog\/wp-json\/wp\/v2\/category?post=263546"},{"taxonomy":"tag","embeddable":true,"href":"https:\/\/sherpas.com\/blog\/wp-json\/wp\/v2\/tag?post=263546"}],"curies":[{"name":"wp","href":"https:\/\/api.w.org\/{rel}","templated":true}]}}