{"id":256409,"date":"2023-04-13T17:35:09","date_gmt":"2023-04-13T15:35:09","guid":{"rendered":"https:\/\/sherpas.com\/blog\/?page_id=256409"},"modified":"2025-11-20T10:41:40","modified_gmt":"2025-11-20T09:41:40","slug":"shop","status":"publish","type":"page","link":"https:\/\/sherpas.com\/blog\/shop\/","title":{"rendered":"Shop des Sherpas"},"content":{"rendered":"\n<div class=\"wp-block-group\"><div class=\"wp-block-group__inner-container is-layout-constrained wp-block-group-is-layout-constrained\">\n<div class=\"wp-block-columns is-layout-flex wp-container-core-columns-is-layout-9d6595d7 wp-block-columns-is-layout-flex\">\n<div class=\"wp-block-column is-layout-flow wp-block-column-is-layout-flow\">\n<div style=\"height:50px\" aria-hidden=\"true\" class=\"wp-block-spacer\"><\/div>\n\n\n\n<div style=\"height:50px\" aria-hidden=\"true\" class=\"wp-block-spacer\"><\/div>\n\n\n\n<p class=\"has-text-align-center has-large-font-size\"><strong>D\u00e9couvre tous nos livres Sherpas pour cartonner pendant tes \u00e9tudes !<\/strong><\/p>\n\n\n\n<div style=\"height:50px\" aria-hidden=\"true\" class=\"wp-block-spacer\"><\/div>\n\n\n\n<p class=\"has-text-align-center has-medium-font-size\"><strong>Chez Les Sherpas, on propose bien plus que <a href=\"https:\/\/sherpas.com\/\">des cours particuliers<\/a> avec des profs qualifi\u00e9s&nbsp;!&nbsp;\u2728&nbsp;<\/strong><\/p>\n\n\n\n<div style=\"height:20px\" aria-hidden=\"true\" class=\"wp-block-spacer\"><\/div>\n\n\n\n<p class=\"has-text-align-center has-medium-font-size\">Entre notre plateforme qui compte pas moins de 4 000 professeurs, <a href=\"https:\/\/sherpas.com\/blog\/\">nos articles de blog<\/a>,<a href=\"https:\/\/www.youtube.com\/c\/LesSherpas\" target=\"_blank\" rel=\"noopener\"> nos vid\u00e9os YouTube<\/a> et nos comptes <a href=\"https:\/\/www.instagram.com\/les_sherpas\/?hl=fr\" target=\"_blank\" rel=\"noopener\">Instagram<\/a> et <a href=\"https:\/\/www.tiktok.com\/@les_sherpas\" target=\"_blank\" rel=\"noopener\">TikTok<\/a>, on s&rsquo;est dit : pourquoi pas aller plus loin ? Et quoi de mieux que des livres pour approfondir un sujet ? <strong>D\u00e9couvre notre collection unique de livres, fruits de notre expertise et de notre passion pour l&rsquo;\u00e9ducation<\/strong>. \ud83d\ude80<\/p>\n\n\n\n<div style=\"height:50px\" aria-hidden=\"true\" class=\"wp-block-spacer\"><\/div>\n<\/div>\n<\/div>\n<\/div><\/div>\n\n\n<div class=\"wp-block-image\">\n<figure class=\"aligncenter size-large is-resized\"><img decoding=\"async\" src=\"https:\/\/media.giphy.com\/media\/LwzBicG26gz0pGI0ro\/giphy.gif\" alt=\"\" style=\"width:587px;height:auto\"\/><\/figure>\n<\/div>\n\n\n<div style=\"height:70px\" aria-hidden=\"true\" class=\"wp-block-spacer\"><\/div>\n\n\n\n<div class=\"wp-block-columns is-layout-flex wp-container-core-columns-is-layout-9d6595d7 wp-block-columns-is-layout-flex\">\n<div class=\"wp-block-column is-layout-flow wp-block-column-is-layout-flow\" style=\"flex-basis:100%\">\n<h2 class=\"wp-block-heading has-text-align-center\" id=\"de-0-a-20-20-les-120-techniques-des-etudiants-qui-reussissent\">De 0 \u00e0 20\/20 : les 120 techniques des \u00e9tudiants qui r\u00e9ussissent \ud83e\udd29<\/h2>\n<\/div>\n<\/div>\n\n\n\n<div class=\"wp-block-columns is-layout-flex wp-container-core-columns-is-layout-9d6595d7 wp-block-columns-is-layout-flex\">\n<div class=\"wp-block-column is-layout-flow wp-block-column-is-layout-flow\" style=\"flex-basis:100%\">\n<p>Tu veux cartonner sans te prendre la t\u00eate ? On a ce qu\u2019il te faut !<\/p>\n<\/div>\n<\/div>\n\n\n\n<div class=\"wp-block-columns is-layout-flex wp-container-core-columns-is-layout-9d6595d7 wp-block-columns-is-layout-flex\">\n<div class=\"wp-block-column is-layout-flow wp-block-column-is-layout-flow\" style=\"flex-basis:100%\">\n<p>Pens\u00e9 par Etienne et William, <em>De 0 \u00e0 20\/20<\/em> <strong>d\u00e9voile la m\u00e9thode Sherpas\u00ae<\/strong>. Il regroupe <strong>toutes leurs meilleures techniques<\/strong> pour t\u2019aider \u00e0 r\u00e9ussir <strong>plus efficacement, plus rapidement<\/strong>\u2026 et sans y passer tes nuits !<\/p>\n<\/div>\n<\/div>\n\n\n\n<div class=\"wp-block-columns is-layout-flex wp-container-core-columns-is-layout-9d6595d7 wp-block-columns-is-layout-flex\">\n<div class=\"wp-block-column is-layout-flow wp-block-column-is-layout-flow\" style=\"flex-basis:100%\">\n<p>Que tu sois lyc\u00e9en ou \u00e9tudiant du sup\u00e9rieur, tu y trouveras <strong>120 m\u00e9thodes test\u00e9es et approuv\u00e9es<\/strong> pour apprendre mieux, g\u00e9rer ton temps, rester motiv\u00e9, et progresser sans gal\u00e9rer.<\/p>\n<\/div>\n<\/div>\n\n\n\n<div class=\"wp-block-columns is-layout-flex wp-container-core-columns-is-layout-9d6595d7 wp-block-columns-is-layout-flex\">\n<div class=\"wp-block-column is-layout-flow wp-block-column-is-layout-flow\" style=\"flex-basis:100%\">\n<p>Le tout, illustr\u00e9 avec des exemples concrets, des conseils pratiques et <strong>des QR codes<\/strong> pour acc\u00e9der \u00e0 des vid\u00e9os et des contenus bonus. <\/p>\n<\/div>\n<\/div>\n\n\n\n<div class=\"wp-block-columns is-layout-flex wp-container-core-columns-is-layout-9d6595d7 wp-block-columns-is-layout-flex\">\n<div class=\"wp-block-column is-layout-flow wp-block-column-is-layout-flow\">\n<figure class=\"wp-block-image size-full\"><img decoding=\"async\" width=\"608\" height=\"831\" src=\"https:\/\/sherpas.com\/content\/uploads\/2025\/04\/LesSherpas-de0a20-couverture.png?_t=1744618901\" alt=\"\" class=\"wp-image-303662\"\/><\/figure>\n<\/div>\n\n\n\n<div class=\"wp-block-column is-layout-flow wp-block-column-is-layout-flow\">\n<figure class=\"wp-block-image size-full is-resized\"><img decoding=\"async\" width=\"573\" height=\"829\" src=\"https:\/\/sherpas.com\/content\/uploads\/2025\/04\/LesSherpas-de0a20-4emecouv.png?_t=1744618908\" alt=\"\" class=\"wp-image-303663\" style=\"width:393px;height:auto\"\/><\/figure>\n<\/div>\n<\/div>\n\n\n\n<div class=\"wp-block-buttons is-content-justification-center is-layout-flex wp-container-core-buttons-is-layout-16018d1d wp-block-buttons-is-layout-flex\">\n<div class=\"wp-block-button has-custom-width wp-block-button__width-50 aligncenter\"><a class=\"wp-block-button__link has-vivid-green-cyan-background-color has-background has-large-font-size has-custom-font-size wp-element-button\" href=\"https:\/\/sherpas.com\/blog\/de-0-a-20-livre-sherpas\/\"><strong>D\u00e9couvrir le livre De 0 \u00e0 20\/20<\/strong><\/a><\/div>\n<\/div>\n\n\n\n<div style=\"height:70px\" aria-hidden=\"true\" class=\"wp-block-spacer\"><\/div>\n\n\n\n<div class=\"wp-block-columns is-layout-flex wp-container-core-columns-is-layout-9d6595d7 wp-block-columns-is-layout-flex\">\n<div class=\"wp-block-column is-layout-flow wp-block-column-is-layout-flow\">\n<h2 class=\"wp-block-heading has-text-align-center\" id=\"nos-livres-de-methodes\">Nos Livres de M\u00e9thodes \ud83d\udd25<\/h2>\n\n\n\n<div style=\"height:50px\" aria-hidden=\"true\" class=\"wp-block-spacer\"><\/div>\n\n\n\n<p class=\"has-text-align-left has-medium-font-size\">Pour entrer \u00e0 HEC ou \u00e0 l\u2019X, deux \u00e9coles d\u2019\u00e9lites, il vaut mieux \u00eatre pr\u00e9par\u00e9. D\u00e9couvre d\u00e8s maintenant nos <strong>guides m\u00e9thodologiques incontournables : <em>Int\u00e9grer HEC<\/em> et<em> Int\u00e9grer l\u2019X<\/em><\/strong>. Con\u00e7us avec soin et bourr\u00e9s d\u2019astuces, ces deux ouvrages t\u2019accompagneront sur le chemin de la r\u00e9ussite. \ud83d\udcaa<\/p>\n\n\n\n<div style=\"height:30px\" aria-hidden=\"true\" class=\"wp-block-spacer\"><\/div>\n<\/div>\n<\/div>\n\n\n\n<div class=\"wp-block-columns is-layout-flex wp-container-core-columns-is-layout-9d6595d7 wp-block-columns-is-layout-flex\">\n<div class=\"wp-block-column is-layout-flow wp-block-column-is-layout-flow\" style=\"flex-basis:50%\"><div class=\"wp-block-image\">\n<figure class=\"aligncenter size-full is-resized\"><img decoding=\"async\" width=\"709\" height=\"1024\" src=\"https:\/\/sherpas.com\/content\/uploads\/2025\/04\/integrer-hec-livre-709x1024-1.webp\" alt=\"\" class=\"wp-image-303598\" style=\"width:360px;height:auto\"\/><\/figure>\n<\/div>\n\n\n<p>Toutes<strong> nos m\u00e9thodes pour te mettre directement au niveau des meilleurs candidats<\/strong> et int\u00e9grer HEC ! Des techniques de m\u00e9morisation, aux conseils d&rsquo;orga ou de productivit\u00e9, nous te livrons tous nos hacks, conseils et astuces pour int\u00e9grer avec succ\u00e8s l&rsquo;\u00e9cole de commerce de tes r\u00eaves ! \u2b50<\/p>\n\n\n\n<div class=\"wp-block-buttons is-layout-flex wp-block-buttons-is-layout-flex\">\n<div class=\"wp-block-button aligncenter\"><a class=\"wp-block-button__link has-vivid-green-cyan-background-color has-background has-large-font-size has-custom-font-size wp-element-button\" href=\"https:\/\/sherpas.com\/blog\/integrer-hec\/\" target=\"_blank\" rel=\"noreferrer noopener\">D\u00e9couvrir le livre Pr\u00e9pa HEC<\/a><\/div>\n<\/div>\n<\/div>\n\n\n\n<div class=\"wp-block-column is-layout-flow wp-block-column-is-layout-flow\" style=\"flex-basis:50%\"><div class=\"wp-block-image\">\n<figure class=\"aligncenter size-full is-resized\"><img decoding=\"async\" width=\"1400\" height=\"1976\" src=\"https:\/\/sherpas.com\/content\/uploads\/2025\/09\/9782311220728-g.jpg?_t=1757582712\" alt=\"\" class=\"wp-image-306719\" style=\"width:360px\"\/><\/figure>\n<\/div>\n\n\n<p><strong>Pr\u00eat \u00e0 int\u00e9grer les rangs de Polytechnique, aka l&rsquo;\u00ab X \u00bb ? <\/strong>M\u00ealant m\u00e9thodo et plan d&rsquo;action sur-mesure, ce livre est fait pour toi ! De la prise de notes \u00e0 la m\u00e9morisation, en passant par la lecture rapide et l&rsquo;hyper-productivit\u00e9, les maths, l&rsquo;EDH, l&rsquo;HGG ou les langues, on te dit tout !\ud83d\udcd8.<\/p>\n\n\n\n<div class=\"wp-block-buttons is-layout-flex wp-block-buttons-is-layout-flex\">\n<div class=\"wp-block-button aligncenter\"><a class=\"wp-block-button__link has-vivid-green-cyan-background-color has-background has-large-font-size has-custom-font-size wp-element-button\" href=\"https:\/\/sherpas.com\/blog\/integrer-x\/\" target=\"_blank\" rel=\"noreferrer noopener\">D\u00e9couvrir le livre Pr\u00e9pa Scientifique<\/a><\/div>\n<\/div>\n<\/div>\n<\/div>\n\n\n\n<div style=\"height:70px\" aria-hidden=\"true\" class=\"wp-block-spacer\"><\/div>\n\n\n<section class=\"edito-banner\">\n            <a target=\"\" href=\"https:\/\/sherpas.com\/blog\/qui-sommes-nous\/\">\n            <div class=\"container\">\n                <div class=\"edito-banner__text-bg\">\n                                            Sherpas\n                                    <\/div>\n                <div class=\"row justify-content-center align-items-center flex-md-row-reverse\">\n                    <div class=\"col-12 col-md-4 offset-md-1 edito-banner__content\">\n                        <div class=\"d-md-none edito-banner__title\">Qui sommes-nous ? <\/div>\n                                                    <img decoding=\"async\" class=\"mt-30 mt-md-0\" alt =\"Qui sommes-nous ? \" src=\"https:\/\/sherpas.com\/content\/uploads\/2025\/04\/LES-SHERPAS-2000-53.jpg\">\n                                            <\/div>\n                    <div class=\"col-12 col-md-8 col-lg-5\">\n                        <div class=\"d-none d-md-block edito-banner__title\">Qui sommes-nous ? <\/div>\n                        <div class=\"edito-banner__text font-weight-normal mt-20\"><p><span style=\"font-size: 12pt; color: #000000;\">Tu veux savoir pourquoi nous faire confiance ? Du parcours \u00e9tudiant des fondateurs Etienne et William \u00e0 la cr\u00e9ation de notre plateforme de cours de soutien et de notre blog, d\u00e9couvre comment sont n\u00e9s Les Sherpas ! \u26f0\ufe0f<\/span><\/p>\n<\/div>\n                                                    <button type=\"button\"\n                                    class=\"mt-30 btn btn-purple\">D\u00e9couvre notre histoire !<\/button>\n                                                <div class=\"mt-30 mt-md-40 t-11\">\n                                                    <\/div>\n                    <\/div>\n                <\/div>\n            <\/div>\n        <\/a>\n    <\/section>\n\n\n\n<div style=\"height:70px\" aria-hidden=\"true\" class=\"wp-block-spacer\"><\/div>\n\n\n\n<div class=\"wp-block-columns is-layout-flex wp-container-core-columns-is-layout-9d6595d7 wp-block-columns-is-layout-flex\">\n<div class=\"wp-block-column is-layout-flow wp-block-column-is-layout-flow\">\n<h2 class=\"wp-block-heading has-text-align-center\" id=\"lagenda-les-sherpas\">L&rsquo;agenda Les Sherpas <strong>\ud83d\udc96<\/strong><\/h2>\n<\/div>\n<\/div>\n\n\n\n<div style=\"height:50px\" aria-hidden=\"true\" class=\"wp-block-spacer\"><\/div>\n\n\n<div class=\"wp-block-image\">\n<figure class=\"aligncenter size-full is-resized\"><img decoding=\"async\" width=\"7755\" height=\"5170\" src=\"https:\/\/sherpas.com\/content\/uploads\/2025\/04\/0K2A8802-2-1.jpg\" alt=\"\" class=\"wp-image-303603\" style=\"width:705px;height:auto\"\/><\/figure>\n<\/div>\n\n\n<div style=\"height:50px\" aria-hidden=\"true\" class=\"wp-block-spacer\"><\/div>\n\n\n\n<div class=\"wp-block-columns is-layout-flex wp-container-core-columns-is-layout-9d6595d7 wp-block-columns-is-layout-flex\">\n<div class=\"wp-block-column has-medium-font-size is-layout-flow wp-block-column-is-layout-flow\">\n<p class=\"has-text-align-left\">Envie d\u2019un compagnon quotidien qui te comprend vraiment ? <strong>Notre agenda \u00e9tudiant Les Sherpas a \u00e9t\u00e9 pens\u00e9 et r\u00e9dig\u00e9 pour toi !<\/strong> Dedans, tu trouveras tout ce qu&rsquo;il te faut pour assurer durant l&rsquo;ann\u00e9e scolaire, mais aussi pour te d\u00e9tendre ! <\/p>\n\n\n\n<div style=\"height:30px\" aria-hidden=\"true\" class=\"wp-block-spacer\"><\/div>\n\n\n\n<p class=\"has-text-align-left\"><strong>Conseils <em>made in<\/em> Sherpas, plannings, quotes inspirantes, quiz&#8230;<\/strong> \u00e0 chaque page son petit contenu utile ou insolite (212 infos, tu as le choix !). Et si \u00e7a ne suffit pas, <strong>tu trouveras aussi des QR codes pour acc\u00e9der \u00e0 des contenus suppl\u00e9mentaires et booster ta vie scolaire <\/strong>! \ud83c\udf89<\/p>\n\n\n\n<div style=\"height:30px\" aria-hidden=\"true\" class=\"wp-block-spacer\"><\/div>\n\n\n\n<p class=\"has-text-align-left\">Cerise sur l&rsquo;agenda \ud83c\udf52, il existe en plusieurs versions, <strong>du noir pour les amateurs de sobri\u00e9t\u00e9, \u00e0 diff\u00e9rentes nuances de couleurs pour les autres.<\/strong> Enjoy !<\/p>\n\n\n\n<div style=\"height:30px\" aria-hidden=\"true\" class=\"wp-block-spacer\"><\/div>\n<\/div>\n<\/div>\n\n\n\n<div class=\"wp-block-buttons is-layout-flex wp-block-buttons-is-layout-flex\">\n<div class=\"wp-block-button has-custom-width wp-block-button__width-50 aligncenter\"><a class=\"wp-block-button__link has-vivid-green-cyan-background-color has-background has-large-font-size has-custom-font-size wp-element-button\" href=\"https:\/\/sherpas.com\/blog\/agenda-sherpas\/\" target=\"_blank\" rel=\"noreferrer noopener\">D\u00e9couvre nos agendas Sherpas !<\/a><\/div>\n<\/div>\n\n\n\n<div style=\"height:70px\" aria-hidden=\"true\" class=\"wp-block-spacer\"><\/div>\n\n\n<section class=\"edito-banner\">\n            <a target=\"_blank\" href=\"https:\/\/sherpas.com\/blog\/toolbox\/nos-hacks-et-ebooks\/nos-ebooks\/\">\n            <div class=\"container\">\n                <div class=\"edito-banner__text-bg\">\n                                            ebooks\n                                    <\/div>\n                <div class=\"row justify-content-center align-items-center flex-md-row-reverse\">\n                    <div class=\"col-12 col-md-4 offset-md-1 edito-banner__content\">\n                        <div class=\"d-md-none edito-banner__title\">D\u00e9couvre aussi nos ebooks !<\/div>\n                                                    <img decoding=\"async\" class=\"mt-30 mt-md-0\" alt =\"D\u00e9couvre aussi nos ebooks !\" src=\"https:\/\/sherpas.com\/content\/uploads\/2025\/02\/HACK-ETUDIANT.png\">\n                                            <\/div>\n                    <div class=\"col-12 col-md-8 col-lg-5\">\n                        <div class=\"d-none d-md-block edito-banner__title\">D\u00e9couvre aussi nos ebooks !<\/div>\n                        <div class=\"edito-banner__text font-weight-normal mt-20\"><p><span style=\"color: #000000; font-size: 12pt;\">Avoir confiance en soi, r\u00e9ussir le bac, trouver son stage, gagner en productivit\u00e9&#8230; \u00c0 chaque probl\u00e8me son guide pour progresser et devenir la meilleure version de toi-m\u00eame ! <span role=\"image\" aria-label=\"\ud83d\udcaa\">\ud83d\udcaa<\/span><\/span><\/p>\n<p>&nbsp;<\/p>\n<\/div>\n                                                    <button type=\"button\"\n                                    class=\"mt-30 btn btn-purple\">Nos ebooks<\/button>\n                                                <div class=\"mt-30 mt-md-40 t-11\">\n                                                    <\/div>\n                    <\/div>\n                <\/div>\n            <\/div>\n        <\/a>\n    <\/section>\n\n\n\n<div style=\"height:100px\" aria-hidden=\"true\" class=\"wp-block-spacer\"><\/div>\n\n\n\n<div class=\"wp-block-columns is-layout-flex wp-container-core-columns-is-layout-9d6595d7 wp-block-columns-is-layout-flex\">\n<div class=\"wp-block-column is-layout-flow wp-block-column-is-layout-flow\">\n<h2 class=\"wp-block-heading has-text-align-center\" id=\"objectif-bac\">Objectif Bac \ud83c\udfaf<\/h2>\n\n\n\n<div style=\"height:50px\" aria-hidden=\"true\" class=\"wp-block-spacer\"><\/div>\n\n\n\n<div class=\"wp-block-columns is-layout-flex wp-container-core-columns-is-layout-9d6595d7 wp-block-columns-is-layout-flex\">\n<div class=\"wp-block-column is-layout-flow wp-block-column-is-layout-flow\">\n<figure class=\"wp-block-image size-full\"><img decoding=\"async\" width=\"737\" height=\"1024\" src=\"https:\/\/sherpas.com\/content\/uploads\/2025\/04\/couverture-objectif-bac-737x1024-1.jpg\" alt=\"\" class=\"wp-image-303600\"\/><\/figure>\n<\/div>\n\n\n\n<div class=\"wp-block-column is-layout-flow wp-block-column-is-layout-flow\">\n<div style=\"height:200px\" aria-hidden=\"true\" class=\"wp-block-spacer\"><\/div>\n\n\n\n<p>En plus de l&rsquo;ensemble des notions vues en cours, des 150 exercices et corrig\u00e9s, des sujets de bac corrig\u00e9s et des multiples astuces r\u00e9unies dans ce livre, <strong>tu trouveras tous les meilleurs conseils des Sherpas pour \u00eatre pr\u00eat le grand jour <\/strong>! <\/p>\n\n\n\n<div style=\"height:30px\" aria-hidden=\"true\" class=\"wp-block-spacer\"><\/div>\n\n\n\n<p>\ud83d\udc49 Motivation<\/p>\n\n\n\n<p>\ud83d\udc49 Organisation<\/p>\n\n\n\n<p>\ud83d\udc49 Confiance en soi<\/p>\n\n\n\n<p>\ud83d\udc49 M\u00e9thodologie<\/p>\n\n\n\n<div style=\"height:30px\" aria-hidden=\"true\" class=\"wp-block-spacer\"><\/div>\n\n\n\n<p><strong>D\u00e9couvre tous nos conseils pour cartonner le jour du bac !<\/strong><\/p>\n\n\n\n<div class=\"wp-block-buttons is-layout-flex wp-block-buttons-is-layout-flex\">\n<div class=\"wp-block-button\"><a class=\"wp-block-button__link has-vivid-green-cyan-background-color has-background has-text-align-center wp-element-button\" href=\"https:\/\/sherpas.com\/blog\/objectif-bac\/\" target=\"_blank\" rel=\"noreferrer noopener\">D\u00e9couvre Objectif Bac !<\/a><\/div>\n<\/div>\n<\/div>\n<\/div>\n<\/div>\n<\/div>\n","protected":false},"excerpt":{"rendered":"<p>D\u00e9couvre tous nos livres Sherpas pour cartonner pendant tes \u00e9tudes ! Chez Les Sherpas, on propose bien plus (&#8230;)<\/p>\n","protected":false},"author":326,"featured_media":0,"parent":0,"menu_order":12,"comment_status":"closed","ping_status":"closed","template":"landing-template","meta":{"_acf_changed":true,"footnotes":""},"category":[],"tag":[],"class_list":["post-256409","page","type-page","status-publish","hentry"],"acf":[],"_links":{"self":[{"href":"https:\/\/sherpas.com\/blog\/wp-json\/wp\/v2\/pages\/256409","targetHints":{"allow":["GET"]}}],"collection":[{"href":"https:\/\/sherpas.com\/blog\/wp-json\/wp\/v2\/pages"}],"about":[{"href":"https:\/\/sherpas.com\/blog\/wp-json\/wp\/v2\/types\/page"}],"author":[{"embeddable":true,"href":"https:\/\/sherpas.com\/blog\/wp-json\/wp\/v2\/users\/326"}],"replies":[{"embeddable":true,"href":"https:\/\/sherpas.com\/blog\/wp-json\/wp\/v2\/comments?post=256409"}],"version-history":[{"count":0,"href":"https:\/\/sherpas.com\/blog\/wp-json\/wp\/v2\/pages\/256409\/revisions"}],"wp:attachment":[{"href":"https:\/\/sherpas.com\/blog\/wp-json\/wp\/v2\/media?parent=256409"}],"wp:term":[{"taxonomy":"category","embeddable":true,"href":"https:\/\/sherpas.com\/blog\/wp-json\/wp\/v2\/category?post=256409"},{"taxonomy":"tag","embeddable":true,"href":"https:\/\/sherpas.com\/blog\/wp-json\/wp\/v2\/tag?post=256409"}],"curies":[{"name":"wp","href":"https:\/\/api.w.org\/{rel}","templated":true}]}}