{"id":199700,"date":"2022-01-04T23:14:07","date_gmt":"2022-01-04T22:14:07","guid":{"rendered":"https:\/\/sherpas.com\/blog\/?page_id=199700"},"modified":"2025-11-26T13:34:35","modified_gmt":"2025-11-26T12:34:35","slug":"qui-sommes-nous","status":"publish","type":"page","link":"https:\/\/sherpas.com\/blog\/qui-sommes-nous\/","title":{"rendered":"Qui sommes-nous ?"},"content":{"rendered":"\n<div style=\"height:30px\" aria-hidden=\"true\" class=\"wp-block-spacer\"><\/div>\n\n\n\n<p>Pour <strong>Les Sherpas<\/strong>, tout a commenc\u00e9 en 2017 (et m\u00eame bien avant, mais \u00e7a, on t\u2019en parle plus loin, patience !), avec l\u2019ambition d\u2019<strong>aider les \u00e9tudiants \u00e0 devenir les meilleures versions d\u2019eux-m\u00eames<\/strong>. \ud83e\udd29<\/p>\n\n\n\n<div style=\"height:50px\" aria-hidden=\"true\" class=\"wp-block-spacer\"><\/div>\n\n\n\n<h2 class=\"wp-block-heading\" id=\"la-petite-histoire-des-sherpas\">La petite histoire des Sherpas \ud83d\udcdc<\/h2>\n\n\n\n<div style=\"height:50px\" aria-hidden=\"true\" class=\"wp-block-spacer\"><\/div>\n\n\n\n<h3 class=\"wp-block-heading\" id=\"deux-etudiants-un-projet\">Deux \u00e9tudiants, un projet ! \ud83d\udd0e<\/h3>\n\n\n\n<div style=\"height:50px\" aria-hidden=\"true\" class=\"wp-block-spacer\"><\/div>\n\n\n\n<p>Officieusement, tout a commenc\u00e9 en 2014. Alors fra\u00eechement d\u00e9barqu\u00e9s en \u00e9cole de commerce, \u00c9tienne et William, les fondateurs des Sherpas, <strong>ont choisi de donner des <a href=\"https:\/\/sherpas.com\/funnel-student-qualification\"><mark style=\"background-color:#ffffff\" class=\"has-inline-color has-vivid-green-cyan-color\">cours particuliers<\/mark><\/a> pour financer leurs \u00e9tudes.\u00a0\u00a0<\/strong><\/p>\n\n\n\n<div style=\"height:30px\" aria-hidden=\"true\" class=\"wp-block-spacer\"><\/div>\n\n\n\n<p>Au programme, m\u00e9thodologie de travail et ESH en Pr\u00e9pa HEC pour les \u00e9l\u00e8ves d\u2019\u00c9tienne, maths et \u00e9conomie pour les \u00e9tudiants de Will (il a d\u2019ailleurs \u00e9t\u00e9 l\u2019un des premiers \u00e0 donner ses cours en ligne en France \ud83d\udc51) ! Au fil des cours, <strong>nos deux <a href=\"https:\/\/sherpas.com\/funnel-student-qualification\"><mark style=\"background-color:#ffffff\" class=\"has-inline-color has-vivid-green-cyan-color\">profs particuliers<\/mark><\/a> ont r\u00e9alis\u00e9 que leur passion pour la p\u00e9dagogie pouvait toucher bien plus de personnes<\/strong>\u2026\u00a0<\/p>\n\n\n\n<div style=\"height:30px\" aria-hidden=\"true\" class=\"wp-block-spacer\"><\/div>\n\n\n\n<p>\u2026 Et \u00e0 l&rsquo;id\u00e9e de la plateforme de cours particuliers Les Sherpas de na\u00eetre ! <strong>Aux pr\u00e9mices de leur aventure en tant que chefs d\u2019entreprise, William et \u00c9tienne ont d\u00fb apprendre et devenir, eux aussi, la meilleure version d&rsquo;eux-m\u00eames <\/strong>: William a d\u00e9couvert les joies du marketing et Etienne s\u2019est passionn\u00e9 pour le design et la vid\u00e9o.&nbsp;<\/p>\n\n\n<section class=\"you-know\">\n                <div class=\"you-know__title\"><p>\ud83e\udd14 Pourquoi \u00ab\u00a0Les Sherpas\u00a0\u00bb ?<\/p>\n<\/div>\n                        <div class=\"you-know__text\">\n            <p>Comme un guide de l\u2019Himalaya, Les Sherpas ont pour vocation d\u2019accompagner les \u00e9tudiants vers les sommets de la r\u00e9ussite acad\u00e9mique. \u26f0\ufe0f<\/p>\n\n        <\/div>\n              <\/section>\n\n\n\n<div style=\"height:30px\" aria-hidden=\"true\" class=\"wp-block-spacer\"><\/div>\n\n\n\n<div style=\"height:0px\" aria-hidden=\"true\" class=\"wp-block-spacer\"><\/div>\n\n\n\n<div style=\"height:30px\" aria-hidden=\"true\" class=\"wp-block-spacer\"><\/div>\n\n\n\n<div style=\"height:50px\" aria-hidden=\"true\" class=\"wp-block-spacer\"><\/div>\n\n\n\n<h3 class=\"wp-block-heading\" id=\"gravir-des-sommets\">Gravir des sommets !<\/h3>\n\n\n\n<div style=\"height:50px\" aria-hidden=\"true\" class=\"wp-block-spacer\"><\/div>\n\n\n\n<p><strong>Port\u00e9s par la Station F (le plus grand incubateur de startups du monde<\/strong>, bas\u00e9 \u00e0 Paris, cocorico ! \ud83d\udc13), William et Etienne ont travaill\u00e9 d\u2019arrache-pied pour que leur plateforme de cours particuliers fonctionne (jusqu\u2019\u00e0 s\u2019en servir eux-m\u00eames pour trouver des \u00e9l\u00e8ves). Mais ils ne se sont pas content\u00e9s de \u00e7a !<\/p>\n\n\n\n<div style=\"height:30px\" aria-hidden=\"true\" class=\"wp-block-spacer\"><\/div>\n\n\n\n<p>Nos deux fondateurs ont pris conscience qu\u2019<strong>ils pouvaient faire encore plus pour les \u00e9tudiants, et pas seulement pour ceux qui cherchaient \u00e0 prendre des cours de <a href=\"https:\/\/sherpas.com\/cours\/soutien-scolaire\"><mark style=\"background-color:#ffffff\" class=\"has-inline-color has-vivid-green-cyan-color\">soutien scolaire<\/mark><\/a><\/strong>&#8230; Alors en septembre 2018, ils ont lanc\u00e9 <strong>le Blog des Sherpas<\/strong>. \u270d\ufe0f Un blog avec <strong>des articles r\u00e9dig\u00e9s par les \u00e9tudiants, pour les \u00e9tudiants, et qui est devenu grand<\/strong> ! Merci \u00e0 vous \u2764\ufe0f<\/p>\n\n\n\n<div style=\"height:30px\" aria-hidden=\"true\" class=\"wp-block-spacer\"><\/div>\n\n\n\n<p><strong>Tu peux aussi retrouver tous nos conseils sur notre cha\u00eene <mark style=\"background-color:#ffffff\" class=\"has-inline-color has-vivid-green-cyan-color\"><a href=\"https:\/\/www.youtube.com\/c\/LesSherpas\" target=\"_blank\" rel=\"noopener\">YouTube<\/a><\/mark> !<\/strong><br><br>Pour plus encore, n&rsquo;h\u00e9site pas \u00e0 t&rsquo;abonner \u00e0 nos comptes<strong><mark style=\"background-color:#ffffff\" class=\"has-inline-color has-vivid-green-cyan-color\"> <a href=\"https:\/\/twitter.com\/_LesSherpas\" target=\"_blank\" rel=\"noopener\">Twitter<\/a>, <a href=\"https:\/\/www.instagram.com\/les_sherpas\/\" target=\"_blank\" rel=\"noopener\">Instagram<\/a>, <a href=\"https:\/\/www.tiktok.com\/@les_sherpas\" target=\"_blank\" rel=\"noopener\">TikTok<\/a><\/mark>, et \u00e0 notre <a href=\"https:\/\/sherpas.com\/blog\/newsletter-2\/\">newsletter<\/a> ! On a m\u00eame un <a href=\"https:\/\/sherpas.com\/blog\/parents\/\"><mark style=\"background-color:#ffffff\" class=\"has-inline-color has-vivid-green-cyan-color\">site pour tes parents<\/mark><\/a><\/strong> !<\/p>\n\n\n\n<div style=\"height:30px\" aria-hidden=\"true\" class=\"wp-block-spacer\"><\/div>\n\n\n\n<p>Bien s\u00fbr, tout \u00e7a, <strong>ce n\u2019est que le d\u00e9but de l\u2019aventure Sherpas<\/strong>. \ud83d\udcaa<\/p>\n\n\n\n<div style=\"height:30px\" aria-hidden=\"true\" class=\"wp-block-spacer\"><\/div>\n\n\n\n<p><strong>MERCI D&rsquo;\u00caTRE L\u00c0<\/strong> \ud83e\udef6<\/p>\n\n\n\n<div style=\"height:30px\" aria-hidden=\"true\" class=\"wp-block-spacer\"><\/div>\n\n\n\n<p>\u00c9tienne, William et toute l\u2019\u00e9quipe.<\/p>\n\n\n\n<div style=\"height:70px\" aria-hidden=\"true\" class=\"wp-block-spacer\"><\/div>\n\n\n\n<p><\/p>\n\n\n\n<h2 class=\"wp-block-heading\" id=\"notre-mission\">Notre mission \ud83d\udd25<\/h2>\n\n\n\n<div style=\"height:50px\" aria-hidden=\"true\" class=\"wp-block-spacer\"><\/div>\n\n\n\n<p>\ud83d\udc49 <strong>R\u00e9v\u00e9ler le meilleur de nos \u00e9l\u00e8ves :<\/strong>&nbsp;nous croyons profond\u00e9ment dans le potentiel de chacun pour r\u00e9ussir \u00e0 atteindre son propre sommet, quel que soit son profil et ses objectifs. Nous avons \u00e0 coeur de proposer un cadre bienveillant qui permette \u00e0 tous de donner le meilleur de soi-m\u00eame, et d&rsquo;aimer apprendre \u00e0 apprendre ! <\/p>\n\n\n\n<div style=\"height:30px\" aria-hidden=\"true\" class=\"wp-block-spacer\"><\/div>\n\n\n\n<p>\ud83d\udc49 <strong>Un accompagnement personnalis\u00e9 et sur mesure :&nbsp;<\/strong>chaque \u00e9l\u00e8ve est unique, avec ses propres aspirations et ses talents. Chez Les Sherpas, on souhaite que chaque \u00e9tudiant fasse de son parcours scolaire une r\u00e9ussite.<\/p>\n\n\n\n<div style=\"height:30px\" aria-hidden=\"true\" class=\"wp-block-spacer\"><\/div>\n\n\n\n<p>\ud83d\udc49 <strong>La r\u00e9ussite POUR TOUS :<\/strong>&nbsp;nous croyons profond\u00e9ment en l\u2019\u00e9galit\u00e9 des chances et nous engageons pour cr\u00e9er une soci\u00e9t\u00e9 plus juste et vertueuse. C\u2019est pourquoi nous avons pens\u00e9 un soutien scolaire accessible \u00e0 tous en termes de prix, qui partage la valeur de fa\u00e7on \u00e9quilibr\u00e9e entre les parents, les professeurs et la plateforme.<\/p>\n\n\n\n<div style=\"height:30px\" aria-hidden=\"true\" class=\"wp-block-spacer\"><\/div>\n\n\n\n<p>\ud83d\udc49 <strong>Les savoirs POUR TOUS :&nbsp;<\/strong>notre Blog, nos r\u00e9seaux sociaux, et notre cha\u00eene&nbsp;<a href=\"https:\/\/www.youtube.com\/c\/LesSherpas\" target=\"_blank\" rel=\"noreferrer noopener\">YouTube<\/a>&nbsp;visent \u00e0 partager largement les connaissances tout en encourageant chaque \u00e9l\u00e8ve \u00e0 mieux se conna\u00eetre et \u00e0 d\u00e9couvrir son potentiel.<\/p>\n\n\n\n<div style=\"height:30px\" aria-hidden=\"true\" class=\"wp-block-spacer\"><\/div>\n\n\n\n<div style=\"height:30px\" aria-hidden=\"true\" class=\"wp-block-spacer\"><\/div>\n\n\n<div class=\"wp-block-image\">\n<figure class=\"aligncenter size-large is-resized\"><img decoding=\"async\" src=\"https:\/\/media.giphy.com\/media\/iiQoy4Y8bueVW\/giphy.gif\" alt=\"\" style=\"width:428px;height:auto\"\/><figcaption class=\"wp-element-caption\"><em>Toi apr\u00e8s avoir suivi l&rsquo;un de nos cours particuliers ou lu l&rsquo;un de nos articles<\/em><\/figcaption><\/figure>\n<\/div>\n\n\n<div style=\"height:70px\" aria-hidden=\"true\" class=\"wp-block-spacer\"><\/div>\n\n\n\n<h2 class=\"wp-block-heading\" id=\"nos-valeurs\">Nos valeurs \u2705<\/h2>\n\n\n\n<div style=\"height:50px\" aria-hidden=\"true\" class=\"wp-block-spacer\"><\/div>\n\n\n\n<p>\u2728 <strong>Positivit\u00e9 <\/strong>: nous croyons en chaque \u00e9l\u00e8ve et en son potentiel.&nbsp;<br>\u2728 <strong>Exigence<\/strong> : nous visons l&rsquo;excellence dans tout ce que nous entreprenons.&nbsp;<br>\u2728 <strong>P\u00e9dagogie<\/strong> : la transmission est au c\u0153ur de notre mission.<br>\u2728 <strong>Ambition<\/strong> : nous aspirons \u00e0 changer le visage de l&rsquo;\u00e9ducation.&nbsp;<br>\u2728 <strong>Accessibilit\u00e9<\/strong> : l&rsquo;\u00e9ducation pour tous, sans exception.<\/p>\n\n\n\n<div style=\"height:70px\" aria-hidden=\"true\" class=\"wp-block-spacer\"><\/div>\n\n\n\n<h2 class=\"wp-block-heading\" id=\"petit-retour-en-arriere\">Petit retour en arri\u00e8re \ud83d\udcc6<\/h2>\n\n\n\n<div style=\"height:50px\" aria-hidden=\"true\" class=\"wp-block-spacer\"><\/div>\n\n\n\n<p>Si Rome ne s\u2019est pas faite en un jour, il en est de m\u00eame pour Les Sherpas !&nbsp;<\/p>\n\n\n\n<div style=\"height:30px\" aria-hidden=\"true\" class=\"wp-block-spacer\"><\/div>\n\n\n\n<p>\ud83d\udc49 <strong>2014<\/strong> : \u00c9tienne et William entrent en \u00e9cole de commerce, et commencent \u00e0 donner des cours particuliers et \u00e0 partager des conseils m\u00e9thodologiques. \ud83e\udd13<\/p>\n\n\n\n<div style=\"height:30px\" aria-hidden=\"true\" class=\"wp-block-spacer\"><\/div>\n\n\n\n<p>\ud83d\udc49 <strong>2016<\/strong> : c\u2019est le d\u00e9but de l\u2019aventure avec le lancement d\u2019un projet de startup pour des cours particuliers (ce qui deviendra Les Sherpas !).&nbsp;\u26f0\ufe0f<\/p>\n\n\n\n<div style=\"height:30px\" aria-hidden=\"true\" class=\"wp-block-spacer\"><\/div>\n\n\n\n<p>\ud83d\udc49 <strong>2017 <\/strong>: c\u2019est l\u2019ann\u00e9e de l\u2019int\u00e9gration des Sherpas \u00e0 la Station F et du premier cours particulier donn\u00e9 via la plateforme ! 1\ufe0f\u20e3<\/p>\n\n\n\n<div style=\"height:30px\" aria-hidden=\"true\" class=\"wp-block-spacer\"><\/div>\n\n\n\n<p>\ud83d\udc49 <strong>2018<\/strong> : les co-fondateurs, qui se sont d\u00e9couvert une passion commune pour l\u2019\u00e9criture, lancent officiellement le blog des Sherpas.&nbsp;<\/p>\n\n\n\n<div style=\"height:30px\" aria-hidden=\"true\" class=\"wp-block-spacer\"><\/div>\n\n\n\n<p>\ud83d\udc49 <strong>2019<\/strong> : \u00c9tienne et William sont dipl\u00f4m\u00e9s et d\u00e9cident de se consacrer \u00e0 plein temps aux Sherpas. \ud83d\udcaa<\/p>\n\n\n\n<div style=\"height:30px\" aria-hidden=\"true\" class=\"wp-block-spacer\"><\/div>\n\n\n\n<p>\ud83d\udc49 <strong>2020<\/strong> : la communaut\u00e9 grandit \u00e0 vue d\u2019\u0153il et les projets s&rsquo;acc\u00e9l\u00e8rent. \ud83d\udd25<\/p>\n\n\n\n<div style=\"height:30px\" aria-hidden=\"true\" class=\"wp-block-spacer\"><\/div>\n\n\n\n<p>\ud83d\udc49 <strong>2023<\/strong> : Les Sherpas, c\u2019est 1 million d&rsquo;\u00e9tudiants tous les mois qui visitent le blog, et plus de 4 000 professeurs certifi\u00e9s, qualifi\u00e9s et form\u00e9s qui accompagnent les \u00e9l\u00e8ves vers la r\u00e9ussite. \ud83e\udef6<\/p>\n\n\n\n<div style=\"height:50px\" aria-hidden=\"true\" class=\"wp-block-spacer\"><\/div>\n","protected":false},"excerpt":{"rendered":"<p>Pour Les Sherpas, tout a commenc\u00e9 en 2017 (et m\u00eame bien avant, mais \u00e7a, on t\u2019en parle plus (&#8230;)<\/p>\n","protected":false},"author":336,"featured_media":278893,"parent":0,"menu_order":26,"comment_status":"closed","ping_status":"closed","template":"about-template","meta":{"_acf_changed":false,"footnotes":""},"category":[],"tag":[],"class_list":["post-199700","page","type-page","status-publish","has-post-thumbnail","hentry"],"acf":[],"_links":{"self":[{"href":"https:\/\/sherpas.com\/blog\/wp-json\/wp\/v2\/pages\/199700","targetHints":{"allow":["GET"]}}],"collection":[{"href":"https:\/\/sherpas.com\/blog\/wp-json\/wp\/v2\/pages"}],"about":[{"href":"https:\/\/sherpas.com\/blog\/wp-json\/wp\/v2\/types\/page"}],"author":[{"embeddable":true,"href":"https:\/\/sherpas.com\/blog\/wp-json\/wp\/v2\/users\/336"}],"replies":[{"embeddable":true,"href":"https:\/\/sherpas.com\/blog\/wp-json\/wp\/v2\/comments?post=199700"}],"version-history":[{"count":0,"href":"https:\/\/sherpas.com\/blog\/wp-json\/wp\/v2\/pages\/199700\/revisions"}],"wp:featuredmedia":[{"embeddable":true,"href":"https:\/\/sherpas.com\/blog\/wp-json\/wp\/v2\/media\/278893"}],"wp:attachment":[{"href":"https:\/\/sherpas.com\/blog\/wp-json\/wp\/v2\/media?parent=199700"}],"wp:term":[{"taxonomy":"category","embeddable":true,"href":"https:\/\/sherpas.com\/blog\/wp-json\/wp\/v2\/category?post=199700"},{"taxonomy":"tag","embeddable":true,"href":"https:\/\/sherpas.com\/blog\/wp-json\/wp\/v2\/tag?post=199700"}],"curies":[{"name":"wp","href":"https:\/\/api.w.org\/{rel}","templated":true}]}}