{"id":188700,"date":"2021-11-17T15:13:15","date_gmt":"2021-11-17T14:13:15","guid":{"rendered":"https:\/\/sherpas.com\/blog\/?page_id=188700"},"modified":"2024-08-26T13:12:38","modified_gmt":"2024-08-26T11:12:38","slug":"nos-ebooks","status":"publish","type":"page","link":"https:\/\/sherpas.com\/blog\/toolbox\/nos-hacks-et-ebooks\/nos-ebooks\/","title":{"rendered":"Nos ebooks"},"content":{"rendered":"<section class=\"library\">\n    <div class=\"container\">\n        \n                    <h1 class=\"library__title\" id=\"nos-ebooks\">Nos ebooks<\/h1>\n        \n        \n        <div class=\"d-flex justify-content-between align-items-end\">\n                            <h2 class=\"t-04 flex-fill\" id=\"\"> <\/h2>\n            \n                    <\/div>\n\n        \n                    <div class=\"library__text\">\n                <p>Envie de tout savoir sur un sujet ? T\u00e9l\u00e9charge nos ebooks qui d\u00e9cryptent pour toi un sujet de fond en comble.<\/p>\n\n            <\/div>\n        \n        \n                    <div class=\"row library__items\">\n                                                        <div class=\"col-12 col-md-6 col-xl-3 library__item\">\n                        <a href=\"https:\/\/sherpas.com\/blog\/guide-bac-de-francais\/\" class=\"library__link\">\n                            \n                                                            <div class=\"library__item-image\">\n                                    <img decoding=\"async\" src=\"https:\/\/sherpas.com\/content\/uploads\/2026\/04\/Capture-decran-2026-04-21-a-10.43.09.png\"\n                                         alt=\"Bac de fran\u00e7ais : le guide de survie \ud83d\udcd6\"\n                                         loading=\"lazy\">\n                                <\/div>\n                            \n                            <div class=\"mt-30\">\n                                <div class=\"t-08\">Bac de fran\u00e7ais : le guide de survie \ud83d\udcd6<\/div>\n                                                                    <div class=\"library__button\">\n                                        T\u00c9L\u00c9CHARGER ICI\n                                    <\/div>\n                                                            <\/div>\n                        <\/a>\n                    <\/div>\n                                                        <div class=\"col-12 col-md-6 col-xl-3 library__item\">\n                        <a href=\"https:\/\/sherpas.com\/blog\/guide-figures-de-style\/\" class=\"library__link\">\n                            \n                                                            <div class=\"library__item-image\">\n                                    <img decoding=\"async\" src=\"https:\/\/sherpas.com\/content\/uploads\/2024\/10\/guide-coaching-bac-premiere.jpg\"\n                                         alt=\"Guide figures de style \u270d\ufe0f\"\n                                         loading=\"lazy\">\n                                <\/div>\n                            \n                            <div class=\"mt-30\">\n                                <div class=\"t-08\">Guide figures de style \u270d\ufe0f<\/div>\n                                                                    <div class=\"library__button\">\n                                        T\u00c9L\u00c9CHARGER ICI\n                                    <\/div>\n                                                            <\/div>\n                        <\/a>\n                    <\/div>\n                                                        <div class=\"col-12 col-md-6 col-xl-3 library__item\">\n                        <a href=\"https:\/\/sherpas.com\/blog\/template-notion-second-cerveau\/\" class=\"library__link\">\n                            \n                                                            <div class=\"library__item-image\">\n                                    <img decoding=\"async\" src=\"https:\/\/sherpas.com\/content\/uploads\/2024\/09\/guide-template-notion-second-cerveau.png\"\n                                         alt=\"D\u00e9veloppe ton second cerveau : template Notion \ud83e\udde0\"\n                                         loading=\"lazy\">\n                                <\/div>\n                            \n                            <div class=\"mt-30\">\n                                <div class=\"t-08\">D\u00e9veloppe ton second cerveau : template Notion \ud83e\udde0<\/div>\n                                                                    <div class=\"library__button\">\n                                        T\u00c9L\u00c9CHARGER ICI\n                                    <\/div>\n                                                            <\/div>\n                        <\/a>\n                    <\/div>\n                                                        <div class=\"col-12 col-md-6 col-xl-3 library__item\">\n                        <a href=\"https:\/\/sherpas.com\/blog\/template-notion\/\" class=\"library__link\">\n                            \n                                                            <div class=\"library__item-image\">\n                                    <img decoding=\"async\" src=\"https:\/\/sherpas.com\/content\/uploads\/2024\/09\/cover-template-notion.png\"\n                                         alt=\"Template Notion \ud83d\udcbb\"\n                                         loading=\"lazy\">\n                                <\/div>\n                            \n                            <div class=\"mt-30\">\n                                <div class=\"t-08\">Template Notion \ud83d\udcbb<\/div>\n                                                                    <div class=\"library__button\">\n                                        T\u00c9L\u00c9CHARGER ICI\n                                    <\/div>\n                                                            <\/div>\n                        <\/a>\n                    <\/div>\n                                                        <div class=\"col-12 col-md-6 col-xl-3 library__item\">\n                        <a href=\"https:\/\/sherpas.com\/blog\/guide-trouver-un-stage\/\" class=\"library__link\">\n                            \n                                                            <div class=\"library__item-image\">\n                                    <img decoding=\"async\" src=\"https:\/\/sherpas.com\/content\/uploads\/2024\/09\/Couverture-trouver-un-stage.jpg\"\n                                         alt=\"Guide Trouver un stage \ud83d\udcbc\"\n                                         loading=\"lazy\">\n                                <\/div>\n                            \n                            <div class=\"mt-30\">\n                                <div class=\"t-08\">Guide Trouver un stage \ud83d\udcbc<\/div>\n                                                                    <div class=\"library__button\">\n                                        T\u00c9L\u00c9CHARGER ICI\n                                    <\/div>\n                                                            <\/div>\n                        <\/a>\n                    <\/div>\n                                                        <div class=\"col-12 col-md-6 col-xl-3 library__item\">\n                        <a href=\"https:\/\/sherpas.com\/blog\/guide-rentree-prepa\/\" class=\"library__link\">\n                            \n                                                            <div class=\"library__item-image\">\n                                    <img decoding=\"async\" src=\"https:\/\/sherpas.com\/content\/uploads\/2024\/09\/guide-rentree-prepa.jpg\"\n                                         alt=\"Guide Rentr\u00e9e en Pr\u00e9pa \ud83d\udd25\"\n                                         loading=\"lazy\">\n                                <\/div>\n                            \n                            <div class=\"mt-30\">\n                                <div class=\"t-08\">Guide Rentr\u00e9e en Pr\u00e9pa \ud83d\udd25<\/div>\n                                                                    <div class=\"library__button\">\n                                        T\u00c9L\u00c9CHARGER ICI\n                                    <\/div>\n                                                            <\/div>\n                        <\/a>\n                    <\/div>\n                                                        <div class=\"col-12 col-md-6 col-xl-3 library__item\">\n                        <a href=\"https:\/\/sherpas.com\/blog\/guide-orientation\/\" class=\"library__link\">\n                            \n                                                            <div class=\"library__item-image\">\n                                    <img decoding=\"async\" src=\"https:\/\/sherpas.com\/content\/uploads\/2024\/09\/Orientation.jpg\"\n                                         alt=\"Guide Orientation \ud83d\udee3\ufe0f\"\n                                         loading=\"lazy\">\n                                <\/div>\n                            \n                            <div class=\"mt-30\">\n                                <div class=\"t-08\">Guide Orientation \ud83d\udee3\ufe0f<\/div>\n                                                                    <div class=\"library__button\">\n                                        T\u00c9L\u00c9CHARGER ICI\n                                    <\/div>\n                                                            <\/div>\n                        <\/a>\n                    <\/div>\n                                                        <div class=\"col-12 col-md-6 col-xl-3 library__item\">\n                        <a href=\"https:\/\/sherpas.com\/blog\/guide-methodo-prepa\/\" class=\"library__link\">\n                            \n                                                            <div class=\"library__item-image\">\n                                    <img decoding=\"async\" src=\"https:\/\/sherpas.com\/content\/uploads\/2024\/09\/guide-methodo-prepa.jpg\"\n                                         alt=\"Guide M\u00e9thodo Pr\u00e9pa \ud83d\udd25\"\n                                         loading=\"lazy\">\n                                <\/div>\n                            \n                            <div class=\"mt-30\">\n                                <div class=\"t-08\">Guide M\u00e9thodo Pr\u00e9pa \ud83d\udd25<\/div>\n                                                                    <div class=\"library__button\">\n                                        T\u00c9L\u00c9CHARGER ICI\n                                    <\/div>\n                                                            <\/div>\n                        <\/a>\n                    <\/div>\n                                                        <div class=\"col-12 col-md-6 col-xl-3 library__item\">\n                        <a href=\"https:\/\/sherpas.com\/blog\/guide-matieres-prepa-hec\/\" class=\"library__link\">\n                            \n                                                            <div class=\"library__item-image\">\n                                    <img decoding=\"async\" src=\"https:\/\/sherpas.com\/content\/uploads\/2024\/09\/matieres-prepa-HEC.jpg\"\n                                         alt=\"Guide Mati\u00e8res Pr\u00e9pa HEC\"\n                                         loading=\"lazy\">\n                                <\/div>\n                            \n                            <div class=\"mt-30\">\n                                <div class=\"t-08\">Guide Mati\u00e8res Pr\u00e9pa HEC<\/div>\n                                                                    <div class=\"library__button\">\n                                        T\u00c9L\u00c9CHARGER ICI\n                                    <\/div>\n                                                            <\/div>\n                        <\/a>\n                    <\/div>\n                                                        <div class=\"col-12 col-md-6 col-xl-3 library__item\">\n                        <a href=\"https:\/\/sherpas.com\/blog\/guide-matieres-lycee\/\" class=\"library__link\">\n                            \n                                                            <div class=\"library__item-image\">\n                                    <img decoding=\"async\" src=\"https:\/\/sherpas.com\/content\/uploads\/2024\/09\/guide-epreuves-du-bac.jpg\"\n                                         alt=\"Guide \u00c9preuves du Bac \ud83d\udcda\"\n                                         loading=\"lazy\">\n                                <\/div>\n                            \n                            <div class=\"mt-30\">\n                                <div class=\"t-08\">Guide \u00c9preuves du Bac \ud83d\udcda<\/div>\n                                                                    <div class=\"library__button\">\n                                        T\u00c9L\u00c9CHARGER ICI\n                                    <\/div>\n                                                            <\/div>\n                        <\/a>\n                    <\/div>\n                                                        <div class=\"col-12 col-md-6 col-xl-3 library__item\">\n                        <a href=\"https:\/\/sherpas.com\/blog\/guide-methodo-lycee\/\" class=\"library__link\">\n                            \n                                                            <div class=\"library__item-image\">\n                                    <img decoding=\"async\" src=\"https:\/\/sherpas.com\/content\/uploads\/2024\/09\/Couverture-methodo-lycee.jpg\"\n                                         alt=\"Guide M\u00e9thodo Lyc\u00e9e \ud83d\ude80\"\n                                         loading=\"lazy\">\n                                <\/div>\n                            \n                            <div class=\"mt-30\">\n                                <div class=\"t-08\">Guide M\u00e9thodo Lyc\u00e9e \ud83d\ude80<\/div>\n                                                                    <div class=\"library__button\">\n                                        T\u00c9L\u00c9CHARGER ICI\n                                    <\/div>\n                                                            <\/div>\n                        <\/a>\n                    <\/div>\n                                                        <div class=\"col-12 col-md-6 col-xl-3 library__item\">\n                        <a href=\"https:\/\/sherpas.com\/blog\/kit-presentations-powerpoint\/\" class=\"library__link\">\n                            \n                                                            <div class=\"library__item-image\">\n                                    <img decoding=\"async\" src=\"https:\/\/sherpas.com\/content\/uploads\/2024\/09\/guide-etudiant-_-devenir-bilingue-en-anglais-2.jpg\"\n                                         alt=\"Kit Pr\u00e9sentations PPT \ud83c\udf86\"\n                                         loading=\"lazy\">\n                                <\/div>\n                            \n                            <div class=\"mt-30\">\n                                <div class=\"t-08\">Kit Pr\u00e9sentations PPT \ud83c\udf86<\/div>\n                                                                    <div class=\"library__button\">\n                                        T\u00c9L\u00c9CHARGER ICI\n                                    <\/div>\n                                                            <\/div>\n                        <\/a>\n                    <\/div>\n                                                        <div class=\"col-12 col-md-6 col-xl-3 library__item\">\n                        <a href=\"https:\/\/sherpas.com\/blog\/guide-memorisation\/\" class=\"library__link\">\n                            \n                                                            <div class=\"library__item-image\">\n                                    <img decoding=\"async\" src=\"https:\/\/sherpas.com\/content\/uploads\/2024\/09\/memorisation.jpg\"\n                                         alt=\"Guide M\u00e9morisation \ud83e\udde0\"\n                                         loading=\"lazy\">\n                                <\/div>\n                            \n                            <div class=\"mt-30\">\n                                <div class=\"t-08\">Guide M\u00e9morisation \ud83e\udde0<\/div>\n                                                                    <div class=\"library__button\">\n                                        T\u00c9L\u00c9CHARGER ICI\n                                    <\/div>\n                                                            <\/div>\n                        <\/a>\n                    <\/div>\n                                                        <div class=\"col-12 col-md-6 col-xl-3 library__item\">\n                        <a href=\"https:\/\/sherpas.com\/blog\/guide-productivite\/\" class=\"library__link\">\n                            \n                                                            <div class=\"library__item-image\">\n                                    <img decoding=\"async\" src=\"https:\/\/sherpas.com\/content\/uploads\/2024\/09\/Comment-integrer-une-prepa.jpg\"\n                                         alt=\"Guide Productivit\u00e9 \u26a1\"\n                                         loading=\"lazy\">\n                                <\/div>\n                            \n                            <div class=\"mt-30\">\n                                <div class=\"t-08\">Guide Productivit\u00e9 \u26a1<\/div>\n                                                                    <div class=\"library__button\">\n                                        T\u00c9L\u00c9CHARGER ICI\n                                    <\/div>\n                                                            <\/div>\n                        <\/a>\n                    <\/div>\n                                                        <div class=\"col-12 col-md-6 col-xl-3 library__item\">\n                        <a href=\"https:\/\/sherpas.com\/blog\/guide-confiance-en-soi\/\" class=\"library__link\">\n                            \n                                                            <div class=\"library__item-image\">\n                                    <img decoding=\"async\" src=\"https:\/\/sherpas.com\/content\/uploads\/2020\/12\/guide-confiance-en-soi.jpg\"\n                                         alt=\"Guide Confiance en soi \ud83d\ude09\"\n                                         loading=\"lazy\">\n                                <\/div>\n                            \n                            <div class=\"mt-30\">\n                                <div class=\"t-08\">Guide Confiance en soi \ud83d\ude09<\/div>\n                                                                    <div class=\"library__button\">\n                                        T\u00c9L\u00c9CHARGER ICI\n                                    <\/div>\n                                                            <\/div>\n                        <\/a>\n                    <\/div>\n                                                        <div class=\"col-12 col-md-6 col-xl-3 library__item\">\n                        <a href=\"https:\/\/sherpas.com\/blog\/guide-anglais\/\" class=\"library__link\">\n                            \n                                                            <div class=\"library__item-image\">\n                                    <img decoding=\"async\" src=\"https:\/\/sherpas.com\/content\/uploads\/2020\/12\/guide-etudiant-_-devenir-bilingue-en-anglais.jpg\"\n                                         alt=\"Guide M\u00e9thodo Anglais \ud83c\uddec\ud83c\udde7\"\n                                         loading=\"lazy\">\n                                <\/div>\n                            \n                            <div class=\"mt-30\">\n                                <div class=\"t-08\">Guide M\u00e9thodo Anglais \ud83c\uddec\ud83c\udde7<\/div>\n                                                                    <div class=\"library__button\">\n                                        T\u00c9L\u00c9CHARGER ICI\n                                    <\/div>\n                                                            <\/div>\n                        <\/a>\n                    <\/div>\n                                            <\/div>\n            <\/div>\n<\/section>\n\n<section class=\"edito-hack\">\n    <div class=\"container\">\n        \n                    <h2 class=\"edito-hack__title\" id=\"nos-hacks\">\n                Nos hacks\n            <\/h2>\n        \n        \n                    <div class=\"edito-hack__items swiper\" data-swiper-config='{\"slidesPerView\": 1, \"spaceBetween\": 20}'>\n                <div class=\"swiper-wrapper\">\n                                            \n                        <div class=\"edito-hack__item swiper-slide\">\n                            \n                                                            <a href=\"https:\/\/sherpas.com\/blog\/hacks-de-survie-a-luniversite\/\" \n                                   class=\"edito-hack__image-link\"\n                                   aria-label=\"Lire hack survis \u00e0 l&amp;#039;universit\u00e9\">\n                                    <img src=\"https:\/\/sherpas.com\/content\/uploads\/2020\/12\/hack-survis-a-luniversite.jpg\" \n                                         alt=\"hack survis \u00e0 l&amp;#039;universit\u00e9\"\n                                         loading=\"lazy\"\n                                         decoding=\"async\">\n                                <\/a>\n                            \n                            \n                                                            <a class=\"d-block t-08 mt-10\" \n                                   href=\"https:\/\/sherpas.com\/blog\/hacks-de-survie-a-luniversite\/\">\n                                    Hacks Survie Universit\u00e9\n                                <\/a>\n                                                    <\/div>\n                                            \n                        <div class=\"edito-hack__item swiper-slide\">\n                            \n                                                            <a href=\"https:\/\/sherpas.com\/blog\/hacks-bonnes-habitudes\/\" \n                                   class=\"edito-hack__image-link\"\n                                   aria-label=\"Lire hack apprends \u00e0 vivre une vie \u00e9panouie\">\n                                    <img src=\"https:\/\/sherpas.com\/content\/uploads\/2020\/12\/hack-apprends-a-vivre-une-vie-epanouie.jpg\" \n                                         alt=\"hack apprends \u00e0 vivre une vie \u00e9panouie\"\n                                         loading=\"lazy\"\n                                         decoding=\"async\">\n                                <\/a>\n                            \n                            \n                                                            <a class=\"d-block t-08 mt-10\" \n                                   href=\"https:\/\/sherpas.com\/blog\/hacks-bonnes-habitudes\/\">\n                                    Hacks Bonnes habitudes \ud83d\ude0d\n                                <\/a>\n                                                    <\/div>\n                                            \n                        <div class=\"edito-hack__item swiper-slide\">\n                            \n                                                            <a href=\"https:\/\/sherpas.com\/blog\/hacks-etre-a-laise-a-loral\/\" \n                                   class=\"edito-hack__image-link\"\n                                   aria-label=\"Lire hack \u00eatre \u00e0 l&amp;#039;aise \u00e0 l&amp;#039;oral\">\n                                    <img src=\"https:\/\/sherpas.com\/content\/uploads\/2020\/12\/hack-etre-a-laise-a-loral.jpg\" \n                                         alt=\"hack \u00eatre \u00e0 l&amp;#039;aise \u00e0 l&amp;#039;oral\"\n                                         loading=\"lazy\"\n                                         decoding=\"async\">\n                                <\/a>\n                            \n                            \n                                                            <a class=\"d-block t-08 mt-10\" \n                                   href=\"https:\/\/sherpas.com\/blog\/hacks-etre-a-laise-a-loral\/\">\n                                    Hacks Etre \u00e0 l&amp;rsquo;aise \u00e0 l&amp;rsquo;oral \ud83d\udde3\ufe0f\n                                <\/a>\n                                                    <\/div>\n                                                        <\/div>\n\n                \n                <div class=\"swiper-pagination\"><\/div>\n                <div class=\"swiper-button-prev\"><\/div>\n                <div class=\"swiper-button-next\"><\/div>\n            <\/div>\n        \n        \n                                <div class=\"mt-40 d-flex justify-content-center\">\n                <a class=\"btn btn-purple\" \n                   href=\"https:\/\/sherpas.com\/blog\/toolbox\/nos-hacks-et-ebooks\/nos-hacks\/\"\n                   target=\"\"\n                   rel=\"noopener noreferrer\">\n                    Voir tous nos hacks\n                <\/a>\n            <\/div>\n            <\/div>\n<\/section>","protected":false},"excerpt":{"rendered":"","protected":false},"author":141,"featured_media":0,"parent":186364,"menu_order":0,"comment_status":"closed","ping_status":"closed","template":"category-template","meta":{"_acf_changed":false,"footnotes":""},"category":[219,217,183],"tag":[],"class_list":["post-188700","page","type-page","status-publish","hentry","category-ebook","category-nos-hacks-ebook","category-toolbox"],"acf":[],"_links":{"self":[{"href":"https:\/\/sherpas.com\/blog\/wp-json\/wp\/v2\/pages\/188700","targetHints":{"allow":["GET"]}}],"collection":[{"href":"https:\/\/sherpas.com\/blog\/wp-json\/wp\/v2\/pages"}],"about":[{"href":"https:\/\/sherpas.com\/blog\/wp-json\/wp\/v2\/types\/page"}],"author":[{"embeddable":true,"href":"https:\/\/sherpas.com\/blog\/wp-json\/wp\/v2\/users\/141"}],"replies":[{"embeddable":true,"href":"https:\/\/sherpas.com\/blog\/wp-json\/wp\/v2\/comments?post=188700"}],"version-history":[{"count":0,"href":"https:\/\/sherpas.com\/blog\/wp-json\/wp\/v2\/pages\/188700\/revisions"}],"up":[{"embeddable":true,"href":"https:\/\/sherpas.com\/blog\/wp-json\/wp\/v2\/pages\/186364"}],"wp:attachment":[{"href":"https:\/\/sherpas.com\/blog\/wp-json\/wp\/v2\/media?parent=188700"}],"wp:term":[{"taxonomy":"category","embeddable":true,"href":"https:\/\/sherpas.com\/blog\/wp-json\/wp\/v2\/category?post=188700"},{"taxonomy":"tag","embeddable":true,"href":"https:\/\/sherpas.com\/blog\/wp-json\/wp\/v2\/tag?post=188700"}],"curies":[{"name":"wp","href":"https:\/\/api.w.org\/{rel}","templated":true}]}}