{"id":265385,"date":"2023-12-05T17:14:23","date_gmt":"2023-12-05T16:14:23","guid":{"rendered":"https:\/\/sherpas.com\/blog\/parents\/?page_id=265385"},"modified":"2025-04-14T11:55:37","modified_gmt":"2025-04-14T09:55:37","slug":"livres-sherpas","status":"publish","type":"page","link":"https:\/\/sherpas.com\/blog\/parents\/livres-sherpas\/","title":{"rendered":"Les livres des Sherpas"},"content":{"rendered":"\n<div class=\"wp-block-group\"><div class=\"wp-block-group__inner-container is-layout-constrained wp-block-group-is-layout-constrained\">\n<div class=\"wp-block-columns is-layout-flex wp-container-core-columns-is-layout-9d6595d7 wp-block-columns-is-layout-flex\">\n<div class=\"wp-block-column is-layout-flow wp-block-column-is-layout-flow\">\n<div style=\"height:50px\" aria-hidden=\"true\" class=\"wp-block-spacer\"><\/div>\n\n\n\n<div style=\"height:50px\" aria-hidden=\"true\" class=\"wp-block-spacer\"><\/div>\n\n\n\n<h1 class=\"wp-block-heading has-text-align-center has-large-font-size\" id=\"decouvrez-tous-nos-livres-sherpas-pour-vos-enfants-et-pour-vous\">D\u00e9couvrez tous nos livres Sherpas pour vos<br> enfants&#8230; Et pour vous !<\/h1>\n\n\n\n<div style=\"height:50px\" aria-hidden=\"true\" class=\"wp-block-spacer\"><\/div>\n\n\n\n<p class=\"has-text-align-center has-medium-font-size\"><strong>Chez Les Sherpas, on vous propose bien plus que <a href=\"https:\/\/sherpas.com\/\">des cours particuliers<\/a> avec des profs qualifi\u00e9s&nbsp;!&nbsp;\u2728&nbsp;<\/strong><\/p>\n\n\n\n<div style=\"height:20px\" aria-hidden=\"true\" class=\"wp-block-spacer\"><\/div>\n\n\n\n<p class=\"has-text-align-center has-medium-font-size\">Entre notre plateforme de <a href=\"https:\/\/sherpas.com\/cours\/soutien-scolaire\">soutien scolaire<\/a> qui compte pas moins de 3 000 professeurs, <a href=\"https:\/\/sherpas.com\/blog\/\">nos articles de blog \u00e0 destination des \u00e9tudiants<\/a>,<a href=\"https:\/\/www.youtube.com\/c\/LesSherpas\" target=\"_blank\" rel=\"noopener\"> nos vid\u00e9os YouTube<\/a>, <a href=\"https:\/\/sherpas.com\/blog\/parents\/\">votre blog Sherpas Parents<\/a> et nos comptes <a href=\"https:\/\/www.instagram.com\/les_sherpas\/?hl=fr\" target=\"_blank\" rel=\"noopener\">Instagram<\/a> et <a href=\"https:\/\/www.tiktok.com\/@les_sherpas\" target=\"_blank\" rel=\"noopener\">TikTok<\/a>, on s&rsquo;est dit : et pourquoi on n&rsquo;irait pas plus loin ? <\/p>\n\n\n\n<div style=\"height:30px\" aria-hidden=\"true\" class=\"wp-block-spacer\"><\/div>\n\n\n\n<p class=\"has-text-align-center has-medium-font-size\">Notre id\u00e9e : profiter de notre expertise et de notre passion pour l&rsquo;\u00e9ducation pour <strong>approfondir tous les sujets \u00e0 travers des livres<\/strong> ! \ud83d\ude80<\/p>\n\n\n\n<div style=\"height:50px\" aria-hidden=\"true\" class=\"wp-block-spacer\"><\/div>\n\n\n<div class=\"wp-block-image\">\n<figure class=\"aligncenter size-large\"><img decoding=\"async\" src=\"https:\/\/media.giphy.com\/media\/v1.Y2lkPTc5MGI3NjExd2trYnp3a2xxY2d2cng4Mzl6Mml4ZnFmYjcyc3FkejNhYWNia2UwZSZlcD12MV9pbnRlcm5hbF9naWZfYnlfaWQmY3Q9Zw\/3oxRmoTueKDmUguzL2\/giphy.gif\" alt=\"Merlin l'enchanteur fait rentrer &quot;par magie&quot; des livres dans un sac\"\/><figcaption class=\"wp-element-caption\"><em>Et hop ! Dans le sac de votre enfant !<\/em><\/figcaption><\/figure>\n<\/div><\/div>\n<\/div>\n<\/div><\/div>\n\n\n\n<div style=\"height:70px\" aria-hidden=\"true\" class=\"wp-block-spacer\"><\/div>\n\n\n\n<div class=\"wp-block-columns is-layout-flex wp-container-core-columns-is-layout-9d6595d7 wp-block-columns-is-layout-flex\">\n<div class=\"wp-block-column is-layout-flow wp-block-column-is-layout-flow\">\n<h2 class=\"wp-block-heading has-text-align-center\" id=\"de-0-a-20-20-les-120-techniques-des-etudiants-qui-reussissent\">De 0 \u00e0 20\/20 : les 120 techniques des \u00e9tudiants qui r\u00e9ussissent \ud83e\udd29<\/h2>\n\n\n\n<div style=\"height:50px\" aria-hidden=\"true\" class=\"wp-block-spacer\"><\/div>\n\n\n\n<div class=\"wp-block-columns is-layout-flex wp-container-core-columns-is-layout-9d6595d7 wp-block-columns-is-layout-flex\">\n<div class=\"wp-block-column is-layout-flow wp-block-column-is-layout-flow\">\n<p><strong>Un guide pratique pour aider votre enfant \u00e0 r\u00e9ussir au lyc\u00e9e et dans le sup\u00e9rieur.<\/strong><\/p>\n\n\n\n<p>\u00c9crit par \u00c9tienne et William, cofondateurs des Sherpas, ce livre d\u00e9voila <strong>la m\u00e9thode Sherpas\u00ae<\/strong> : une s\u00e9lection de <strong>120 techniques efficaces<\/strong> pour mieux apprendre, mieux s\u2019organiser et rester motiv\u00e9 tout au long de l\u2019ann\u00e9e.<\/p>\n\n\n\n<p>Pens\u00e9 sp\u00e9cialement pour vos lyc\u00e9ens ou vos \u00e9tudiants, ce guide propose des outils concrets pour :<\/p>\n\n\n\n<ul class=\"wp-block-list\">\n<li>Am\u00e9liorer la concentration et la m\u00e9morisation,<\/li>\n\n\n\n<li>Structurer les r\u00e9visions et g\u00e9rer le temps,<\/li>\n\n\n\n<li>Progresser sereinement sans surcharge de travail.<\/li>\n<\/ul>\n\n\n\n<p>Pour aller encore plus loin, <em><strong>De 0 \u00e0 20\/20<\/strong><\/em> regorge de conseils pratiques et de QR codes afin d&rsquo;acc\u00e9der \u00e0 des contenus bonus comme des vid\u00e9os, des fiches de cours, ou encore des m\u00e9thodologies <br>d&rsquo;apprentissage.<\/p>\n\n\n\n<div style=\"height:50px\" aria-hidden=\"true\" class=\"wp-block-spacer\"><\/div>\n\n\n\n<div class=\"wp-block-columns is-layout-flex wp-container-core-columns-is-layout-9d6595d7 wp-block-columns-is-layout-flex\">\n<div class=\"wp-block-column is-layout-flow wp-block-column-is-layout-flow\">\n<figure class=\"wp-block-image size-full\"><img decoding=\"async\" width=\"608\" height=\"831\" src=\"https:\/\/sherpas.com\/content\/uploads\/sites\/3\/2025\/04\/LesSherpas-de0a20-couverture-1.png\" alt=\"\" class=\"wp-image-270979\"\/><\/figure>\n<\/div>\n\n\n\n<div class=\"wp-block-column is-layout-flow wp-block-column-is-layout-flow\">\n<figure class=\"wp-block-image size-full\"><img decoding=\"async\" width=\"573\" height=\"829\" src=\"https:\/\/sherpas.com\/content\/uploads\/sites\/3\/2025\/04\/LesSherpas-de0a20-4emecouv.png\" alt=\"\" class=\"wp-image-270980\" style=\"object-fit:cover\"\/><\/figure>\n<\/div>\n<\/div>\n\n\n\n<div class=\"wp-block-columns is-layout-flex wp-container-core-columns-is-layout-9d6595d7 wp-block-columns-is-layout-flex\">\n<div class=\"wp-block-column is-layout-flow wp-block-column-is-layout-flow\">\n<div class=\"wp-block-buttons is-content-justification-center is-layout-flex wp-container-core-buttons-is-layout-16018d1d wp-block-buttons-is-layout-flex\">\n<div class=\"wp-block-button has-custom-font-size has-large-font-size\"><a class=\"wp-block-button__link has-vivid-green-cyan-background-color has-background wp-element-button\" href=\"https:\/\/sherpas.com\/blog\/parents\/a\/livre-sherpas-de-0-a-20\/\"><strong>D\u00e9couvrir le livre <em>De 0 \u00e0 20\/20<\/em><\/strong><\/a><\/div>\n<\/div>\n<\/div>\n<\/div>\n<\/div>\n<\/div>\n\n\n\n<h2 class=\"wp-block-heading has-text-align-center\" id=\"nos-livres-de-methodes-pour-vos-enfants\">Nos livres de M\u00e9thodes pour vos enfants \ud83d\udd25<\/h2>\n\n\n\n<div style=\"height:50px\" aria-hidden=\"true\" class=\"wp-block-spacer\"><\/div>\n\n\n\n<p class=\"has-text-align-left has-medium-font-size\">Pour entrer \u00e0 HEC ou \u00e0 l\u2019X, deux \u00e9coles d\u2019\u00e9lites, il vaut mieux \u00eatre pr\u00e9par\u00e9. D\u00e9couvrez d\u00e8s maintenant nos <strong>guides m\u00e9thodologiques incontournables : <em>Int\u00e9grer HEC<\/em> et<em> Int\u00e9grer l\u2019X<\/em><\/strong>. Con\u00e7us avec soin et bourr\u00e9s d\u2019astuces, ces deux ouvrages accompagneront vos enfants sur le chemin de la r\u00e9ussite. \ud83d\udcaa<\/p>\n\n\n\n<div style=\"height:30px\" aria-hidden=\"true\" class=\"wp-block-spacer\"><\/div>\n<\/div>\n<\/div>\n\n\n\n<div class=\"wp-block-columns is-layout-flex wp-container-core-columns-is-layout-9d6595d7 wp-block-columns-is-layout-flex\">\n<div class=\"wp-block-column is-layout-flow wp-block-column-is-layout-flow\" style=\"flex-basis:50%\"><div class=\"wp-block-image\">\n<figure class=\"aligncenter size-large is-resized\"><img decoding=\"async\" src=\"https:\/\/sherpas.com\/blog\/content\/uploads\/2023\/02\/integrer-hec-livre-709x1024.webp\" alt=\"Int\u00e9grer HEC : le livre\" class=\"wp-image-254649\" style=\"width:360px;height:auto\"\/><\/figure>\n<\/div>\n\n\n<p>Toutes<strong> nos m\u00e9thodes pour faire de votre enfant l&rsquo;un des meilleurs candidats pour int\u00e9grer HEC<\/strong> ! Des techniques de m\u00e9morisation, aux conseils d&rsquo;orga ou de productivit\u00e9, nous lui livrons tous nos hacks, conseils et astuces pour int\u00e9grer avec succ\u00e8s l&rsquo;\u00e9cole de commerce de ses r\u00eaves ! \u2b50<\/p>\n\n\n\n<div class=\"wp-block-buttons is-layout-flex wp-block-buttons-is-layout-flex\">\n<div class=\"wp-block-button has-custom-font-size aligncenter has-large-font-size\"><a class=\"wp-block-button__link has-vivid-green-cyan-background-color has-background wp-element-button\" href=\"https:\/\/sherpas.com\/blog\/integrer-hec\/\">D\u00e9couvrez le livre Pr\u00e9pa HEC<\/a><\/div>\n<\/div>\n<\/div>\n\n\n\n<div class=\"wp-block-column is-layout-flow wp-block-column-is-layout-flow\" style=\"flex-basis:50%\"><div class=\"wp-block-image\">\n<figure class=\"aligncenter size-large is-resized\"><img decoding=\"async\" src=\"https:\/\/sherpas.com\/blog\/content\/uploads\/2023\/02\/integrer-x-livre-709x1024.webp\" alt=\"Int\u00e9grer l'X, livre des Sherpas\" class=\"wp-image-254650\" style=\"width:360px\"\/><\/figure>\n<\/div>\n\n\n<p><strong>Votre enfant veut int\u00e9grer les rangs de Polytechnique, aka l&rsquo;\u00ab X \u00bb ? <\/strong>M\u00ealant m\u00e9thodo et plan d&rsquo;action sur-mesure, ce livre est fait pour lui ! De la prise de notes \u00e0 la m\u00e9morisation, en passant par les maths, l&rsquo;EDH, l&rsquo;HGG ou les langues, on lui explique tout ! \ud83d\udcd8<\/p>\n\n\n\n<div class=\"wp-block-buttons is-layout-flex wp-block-buttons-is-layout-flex\">\n<div class=\"wp-block-button has-custom-font-size aligncenter has-large-font-size\"><a class=\"wp-block-button__link has-vivid-green-cyan-background-color has-background wp-element-button\" href=\"https:\/\/sherpas.com\/blog\/integrer-x\/\">D\u00e9couvrez le livre Pr\u00e9pa Scientifique<\/a><\/div>\n<\/div>\n<\/div>\n<\/div>\n\n\n\n<div style=\"height:70px\" aria-hidden=\"true\" class=\"wp-block-spacer\"><\/div>\n\n\n<section class=\"edito-banner\">\n            <a target=\"\" href=\"https:\/\/sherpas.com\/blog\/parents\/a-propos\/\">\n            <div class=\"container\">\n                <div class=\"edito-banner__text-bg\">\n                                            Sherpas\n                                    <\/div>\n                <div class=\"row justify-content-center align-items-center flex-md-row-reverse\">\n                    <div class=\"col-12 col-md-4 offset-md-1 edito-banner__content\">\n                        <div class=\"d-md-none edito-banner__title\">Qui sommes-nous ? <\/div>\n                                                    <img decoding=\"async\" class=\"mt-30 mt-md-0\" alt =\"Qui sommes-nous ? \" src=\"https:\/\/sherpas.com\/content\/uploads\/sites\/3\/2023\/11\/Photo-groupe-Les-Sherpas.webp\">\n                                            <\/div>\n                    <div class=\"col-12 col-md-8 col-lg-5\">\n                        <div class=\"d-none d-md-block edito-banner__title\">Qui sommes-nous ? <\/div>\n                        <div class=\"edito-banner__text font-weight-normal mt-20\"><p><span style=\"font-size: 14pt;color: #000000\">Vous voulez savoir pourquoi nous faire confiance ? Du parcours \u00e9tudiant des fondateurs Etienne et William \u00e0 la cr\u00e9ation de notre plateforme de cours de soutien et de nos blogs, d\u00e9couvrez comment sont n\u00e9s Les Sherpas ! \u26f0\ufe0f<\/span><\/p>\n<\/div>\n                                                    <button type=\"button\"\n                                    class=\"mt-30 btn btn-purple\">D\u00e9couvrez notre histoire !<\/button>\n                                                <div class=\"mt-30 mt-md-40 t-11\">\n                                                    <\/div>\n                    <\/div>\n                <\/div>\n            <\/div>\n        <\/a>\n    <\/section>\n\n\n\n<div style=\"height:70px\" aria-hidden=\"true\" class=\"wp-block-spacer\"><\/div>\n\n\n\n<div class=\"wp-block-columns is-layout-flex wp-container-core-columns-is-layout-9d6595d7 wp-block-columns-is-layout-flex\">\n<div class=\"wp-block-column is-layout-flow wp-block-column-is-layout-flow\">\n<h2 class=\"wp-block-heading has-text-align-center\" id=\"lagenda-les-sherpas\">L&rsquo;agenda Les Sherpas <strong>\ud83d\udc96<\/strong><\/h2>\n<\/div>\n<\/div>\n\n\n\n<div style=\"height:50px\" aria-hidden=\"true\" class=\"wp-block-spacer\"><\/div>\n\n\n<div class=\"wp-block-image\">\n<figure class=\"aligncenter size-large is-resized\"><a href=\"https:\/\/sherpas.com\/blog\/agenda-sherpas\/\"><img decoding=\"async\" src=\"https:\/\/sherpas.com\/content\/uploads\/2023\/11\/agenda-les-sherpas.webp?func=bound&amp;w=1024&amp;h=1024\" alt=\"L'agenda Sherpas\" class=\"wp-image-268024\" style=\"width:705px;height:auto\"\/><\/a><\/figure>\n<\/div>\n\n\n<div style=\"height:50px\" aria-hidden=\"true\" class=\"wp-block-spacer\"><\/div>\n\n\n\n<div class=\"wp-block-columns is-layout-flex wp-container-core-columns-is-layout-9d6595d7 wp-block-columns-is-layout-flex\">\n<div class=\"wp-block-column has-medium-font-size is-layout-flow wp-block-column-is-layout-flow\">\n<p class=\"has-text-align-left\">Envie de lui offrir un agenda qui n&rsquo;est pas juste un gros livre vide o\u00f9 il notera les devoirs \u00e0 faire \u00e0 la maison (et accueillera les petits mots de ses camarades \ud83d\ude09) ? <strong>Notre agenda \u00e9tudiant Les Sherpas a \u00e9t\u00e9 pens\u00e9 et r\u00e9dig\u00e9 pour lui !<\/strong> Dedans, il trouvera tout ce qu&rsquo;il lui faut pour assurer durant l&rsquo;ann\u00e9e scolaire, mais aussi pour se d\u00e9tendre ! <\/p>\n\n\n\n<div style=\"height:30px\" aria-hidden=\"true\" class=\"wp-block-spacer\"><\/div>\n\n\n\n<p class=\"has-text-align-left\"><strong>Conseils <em>made in<\/em> Sherpas, plannings, notions de cours, citations&#8230;<\/strong> \u00e0 chaque page son contenu utile ou insolite. Et parce qu&rsquo;on en veut toujours plus, <strong>votre enfant trouvera aussi des QR codes pour acc\u00e9der \u00e0 des contenus suppl\u00e9mentaires et booster sa vie scolaire <\/strong>! \ud83c\udf89<\/p>\n\n\n\n<div style=\"height:30px\" aria-hidden=\"true\" class=\"wp-block-spacer\"><\/div>\n\n\n\n<p class=\"has-text-align-left\">BONUS ! Il existe en plusieurs versions, <strong>du noir pour les amateurs de sobri\u00e9t\u00e9, \u00e0 diff\u00e9rentes nuances de couleurs pour les autres<\/strong> ! \ud83c\udf08<\/p>\n\n\n\n<div style=\"height:30px\" aria-hidden=\"true\" class=\"wp-block-spacer\"><\/div>\n<\/div>\n<\/div>\n\n\n\n<div class=\"wp-block-buttons is-layout-flex wp-block-buttons-is-layout-flex\">\n<div class=\"wp-block-button has-custom-width wp-block-button__width-50 has-custom-font-size aligncenter has-large-font-size\"><a class=\"wp-block-button__link has-vivid-green-cyan-background-color has-background wp-element-button\" href=\"https:\/\/sherpas.com\/blog\/agenda-sherpas\/\">D\u00e9couvrez nos agendas Sherpas !<\/a><\/div>\n<\/div>\n\n\n\n<div style=\"height:100px\" aria-hidden=\"true\" class=\"wp-block-spacer\"><\/div>\n\n\n<section class=\"edito-banner\">\n            <a target=\"\" href=\"https:\/\/sherpas.com\/blog\/parents\/toolbox\/ebooks-parents\/\">\n            <div class=\"container\">\n                <div class=\"edito-banner__text-bg\">\n                                            ebooks\n                                    <\/div>\n                <div class=\"row justify-content-center align-items-center flex-md-row-reverse\">\n                    <div class=\"col-12 col-md-4 offset-md-1 edito-banner__content\">\n                        <div class=\"d-md-none edito-banner__title\">Nos ebooks<\/div>\n                                                    <img decoding=\"async\" class=\"mt-30 mt-md-0\" alt =\"Nos ebooks\" src=\"https:\/\/sherpas.com\/content\/uploads\/sites\/3\/2023\/11\/Cover-ebook-parcoursup-parents.png\">\n                                            <\/div>\n                    <div class=\"col-12 col-md-8 col-lg-5\">\n                        <div class=\"d-none d-md-block edito-banner__title\">Nos ebooks<\/div>\n                        <div class=\"edito-banner__text font-weight-normal mt-20\"><p><span style=\"color: #000000\">Parcoursup, orientation, difficult\u00e9s scolaires&#8230; Accompagnez vos enfants au mieux en t\u00e9l\u00e9chargeant nos ebooks Parents !<\/span><\/p>\n<\/div>\n                                                    <button type=\"button\"\n                                    class=\"mt-30 btn btn-purple\">Nos ebooks Parents<\/button>\n                                                <div class=\"mt-30 mt-md-40 t-11\">\n                                                    <\/div>\n                    <\/div>\n                <\/div>\n            <\/div>\n        <\/a>\n    <\/section>\n\n\n\n<div style=\"height:100px\" aria-hidden=\"true\" class=\"wp-block-spacer\"><\/div>\n\n\n\n<div class=\"wp-block-columns is-layout-flex wp-container-core-columns-is-layout-9d6595d7 wp-block-columns-is-layout-flex\">\n<div class=\"wp-block-column is-layout-flow wp-block-column-is-layout-flow\">\n<figure class=\"wp-block-image size-large\"><img decoding=\"async\" width=\"1080\" height=\"1500\" src=\"https:\/\/sherpas.com\/content\/uploads\/sites\/3\/2023\/12\/couverture-objectif-bac.webp?func=bound&amp;w=1024&amp;h=1024\" alt=\"\" class=\"wp-image-265406\" srcset=\"https:\/\/xapbm7c37i.cloudimg.io\/https:\/\/sherpas.com\/content\/uploads\/sites\/3\/2023\/12\/couverture-objectif-bac.webp?q=90&amp;org_if_sml=1&amp;w=1080 1080w, https:\/\/xapbm7c37i.cloudimg.io\/https:\/\/sherpas.com\/content\/uploads\/sites\/3\/2023\/12\/couverture-objectif-bac.webp?q=90&amp;org_if_sml=1&amp;w=216 216w, https:\/\/xapbm7c37i.cloudimg.io\/https:\/\/sherpas.com\/content\/uploads\/sites\/3\/2023\/12\/couverture-objectif-bac.webp?q=90&amp;org_if_sml=1&amp;w=737 737w, https:\/\/xapbm7c37i.cloudimg.io\/https:\/\/sherpas.com\/content\/uploads\/sites\/3\/2023\/12\/couverture-objectif-bac.webp?q=90&amp;org_if_sml=1&amp;w=768 768w, https:\/\/xapbm7c37i.cloudimg.io\/https:\/\/sherpas.com\/content\/uploads\/sites\/3\/2023\/12\/couverture-objectif-bac.webp?q=90&amp;org_if_sml=1&amp;w=90 90w, https:\/\/xapbm7c37i.cloudimg.io\/https:\/\/sherpas.com\/content\/uploads\/sites\/3\/2023\/12\/couverture-objectif-bac.webp?q=90&amp;org_if_sml=1&amp;w=196 196w, https:\/\/xapbm7c37i.cloudimg.io\/https:\/\/sherpas.com\/content\/uploads\/sites\/3\/2023\/12\/couverture-objectif-bac.webp?q=90&amp;org_if_sml=1&amp;w=288 288w, https:\/\/xapbm7c37i.cloudimg.io\/https:\/\/sherpas.com\/content\/uploads\/sites\/3\/2023\/12\/couverture-objectif-bac.webp?q=90&amp;org_if_sml=1&amp;w=267 267w, https:\/\/xapbm7c37i.cloudimg.io\/https:\/\/sherpas.com\/content\/uploads\/sites\/3\/2023\/12\/couverture-objectif-bac.webp?q=90&amp;org_if_sml=1&amp;w=265 265w, https:\/\/xapbm7c37i.cloudimg.io\/https:\/\/sherpas.com\/content\/uploads\/sites\/3\/2023\/12\/couverture-objectif-bac.webp?q=90&amp;org_if_sml=1&amp;w=43 43w\" sizes=\"(max-width: 1080px) 100vw, 1080px\" \/><\/figure>\n<\/div>\n\n\n\n<div class=\"wp-block-column is-layout-flow wp-block-column-is-layout-flow\">\n<div style=\"height:150px\" aria-hidden=\"true\" class=\"wp-block-spacer\"><\/div>\n\n\n\n<p>Les livres Objectif Bac rassemblent l&rsquo;ensemble des <strong>notions vues par vos enfants en cours, des exercices pour qu&rsquo;ils s&rsquo;entrainent, des sujets du bac corrig\u00e9, le descriptif des \u00e9preuves qui les attendent et un grand nombre de conseils pour les pr\u00e9parer pour le jour J<\/strong> ! \ud83e\udde0<\/p>\n\n\n\n<div style=\"height:50px\" aria-hidden=\"true\" class=\"wp-block-spacer\"><\/div>\n\n\n\n<p>Et avec tout \u00e7a, toutes&nbsp;<strong>les vid\u00e9os et tutos des Sherpas<\/strong>&nbsp;pour cartonner :<\/p>\n\n\n\n<p>\u2705&nbsp;<strong>Organisation <\/strong><\/p>\n\n\n\n<p>\u2705&nbsp;<strong>R\u00e9visions optimis\u00e9es <\/strong><\/p>\n\n\n\n<p>\u2705&nbsp;<strong>Efficacit\u00e9 en action <\/strong><\/p>\n\n\n\n<p>\u2705&nbsp;<strong>Gestion de stress <\/strong><\/p>\n\n\n\n<p>\u2705&nbsp;<strong>Motivation <\/strong><\/p>\n\n\n\n<div style=\"height:30px\" aria-hidden=\"true\" class=\"wp-block-spacer\"><\/div>\n\n\n\n<div class=\"wp-block-buttons is-layout-flex wp-block-buttons-is-layout-flex\">\n<div class=\"wp-block-button is-style-fill\"><a class=\"wp-block-button__link has-vivid-green-cyan-background-color has-background wp-element-button\" href=\"https:\/\/www.amazon.fr\/s?k=objectif+bac+2024&amp;i=stripbooks&amp;language=fr_FR&amp;crid=71H9P5MIBHQO&amp;linkCode=sl2&amp;linkId=88b3b176d1280d7fec1a59c9cdb348c4&amp;sprefix=objectif+bac+2024%2Cstripbooks%2C61&amp;tag=lessherpas-21&amp;ref=as_li_ss_tl\" target=\"_blank\" rel=\"noopener\">D\u00e9couvrez les livres Objectif Bac<\/a><\/div>\n<\/div>\n\n\n\n<div style=\"height:30px\" aria-hidden=\"true\" class=\"wp-block-spacer\"><\/div>\n<\/div>\n<\/div>\n\n\n\n<div style=\"height:100px\" aria-hidden=\"true\" class=\"wp-block-spacer\"><\/div>\n","protected":false},"excerpt":{"rendered":"<p>D\u00e9couvrez tous nos livres Sherpas pour vos enfants&#8230; Et pour vous ! Chez Les Sherpas, on vous propose (&#8230;)<\/p>\n","protected":false},"author":336,"featured_media":0,"parent":0,"menu_order":7,"comment_status":"closed","ping_status":"closed","template":"landing-template","meta":{"_acf_changed":false,"footnotes":""},"category":[15],"tag":[],"class_list":["post-265385","page","type-page","status-publish","hentry","category-toolbox"],"acf":[],"_links":{"self":[{"href":"https:\/\/sherpas.com\/blog\/parents\/wp-json\/wp\/v2\/pages\/265385","targetHints":{"allow":["GET"]}}],"collection":[{"href":"https:\/\/sherpas.com\/blog\/parents\/wp-json\/wp\/v2\/pages"}],"about":[{"href":"https:\/\/sherpas.com\/blog\/parents\/wp-json\/wp\/v2\/types\/page"}],"author":[{"embeddable":true,"href":"https:\/\/sherpas.com\/blog\/parents\/wp-json\/wp\/v2\/users\/336"}],"replies":[{"embeddable":true,"href":"https:\/\/sherpas.com\/blog\/parents\/wp-json\/wp\/v2\/comments?post=265385"}],"version-history":[{"count":0,"href":"https:\/\/sherpas.com\/blog\/parents\/wp-json\/wp\/v2\/pages\/265385\/revisions"}],"wp:attachment":[{"href":"https:\/\/sherpas.com\/blog\/parents\/wp-json\/wp\/v2\/media?parent=265385"}],"wp:term":[{"taxonomy":"category","embeddable":true,"href":"https:\/\/sherpas.com\/blog\/parents\/wp-json\/wp\/v2\/category?post=265385"},{"taxonomy":"tag","embeddable":true,"href":"https:\/\/sherpas.com\/blog\/parents\/wp-json\/wp\/v2\/tag?post=265385"}],"curies":[{"name":"wp","href":"https:\/\/api.w.org\/{rel}","templated":true}]}}