{"id":265369,"date":"2025-09-12T15:53:34","date_gmt":"2025-09-12T13:53:34","guid":{"rendered":"https:\/\/sherpas.com\/blog\/parents\/?page_id=265369"},"modified":"2025-11-20T10:40:36","modified_gmt":"2025-11-20T09:40:36","slug":"a-propos","status":"publish","type":"page","link":"https:\/\/sherpas.com\/blog\/parents\/a-propos\/","title":{"rendered":"Qui sont Les Sherpas ?"},"content":{"rendered":"\n<p>Cr\u00e9\u00e9e en 2017, <strong><a href=\"https:\/\/sherpas.com\/\">Les Sherpas<\/a><\/strong> accompagne aujourd\u2019hui des milliers d\u2019\u00e9l\u00e8ves et de familles vers la r\u00e9ussite scolaire et personnelle.<br>Notre conviction : <strong>tout \u00e9l\u00e8ve peut r\u00e9ussir s\u2019il est bien accompagn\u00e9<\/strong>.<\/p>\n\n\n\n<p>Avec <strong>plus de 40 000 familles aid\u00e9es<\/strong>, <strong>4 000 professeurs certifi\u00e9s<\/strong> et <strong>plus de 4 millions de lecteurs mensuels<\/strong> de nos contenus p\u00e9dagogiques gratuits, nous sommes devenus un acteur de r\u00e9f\u00e9rence du soutien scolaire et de l\u2019\u00e9galit\u00e9 des chances en France.<\/p>\n\n\n\n<div style=\"height:50px\" aria-hidden=\"true\" class=\"wp-block-spacer\"><\/div>\n\n\n\n<h2 class=\"wp-block-heading\" id=\"la-petite-histoire-des-sherpas\">La petite histoire des Sherpas \ud83d\udcdc<\/h2>\n\n\n\n<div style=\"height:50px\" aria-hidden=\"true\" class=\"wp-block-spacer\"><\/div>\n\n\n\n<h3 class=\"wp-block-heading\" id=\"deux-etudiants-deux-chefs-dentreprise\">Deux \u00e9tudiants\u2026 Deux chefs d\u2019entreprise !<\/h3>\n\n\n\n<div style=\"height:30px\" aria-hidden=\"true\" class=\"wp-block-spacer\"><\/div>\n\n\n\n<p>L\u2019aventure commence en 2014, quand <strong>\u00c9tienne<\/strong> et <strong>William<\/strong>, alors \u00e9tudiants en \u00e9cole de commerce, donnent leurs <a href=\"https:\/\/sherpas.com\/\">premiers cours particuliers<\/a> pour financer leurs \u00e9tudes.<br><\/p>\n\n\n\n<div style=\"height:30px\" aria-hidden=\"true\" class=\"wp-block-spacer\"><\/div>\n\n\n\n<p>Tr\u00e8s vite, ils r\u00e9alisent que leur passion pour la p\u00e9dagogie peut aller bien au-del\u00e0 de quelques \u00e9l\u00e8ves accomapgn\u00e9s.<br>De cette exp\u00e9rience na\u00eet alors une id\u00e9e simple : <strong>cr\u00e9er une plateforme de soutien scolaire plus juste, plus moderne et plus accessible<\/strong>.<strong>&nbsp;<\/strong><\/p>\n\n\n\n<div style=\"height:30px\" aria-hidden=\"true\" class=\"wp-block-spacer\"><\/div>\n\n\n\n<p>En 2017, apr\u00e8s une incubation \u00e0 la Station F, <strong>Les Sherpas<\/strong> voit officiellement le jour. Depuis, l\u2019entreprise n\u2019a cess\u00e9 de grandir :<\/p>\n\n\n\n<ul class=\"wp-block-list\">\n<li>lancement du m\u00e9dia \u00e9tudiant <em>Les Sherpas<\/em> en 2018,<\/li>\n\n\n\n<li>cr\u00e9ation de la cha\u00eene YouTube en 2019,<\/li>\n\n\n\n<li>publication des premiers livres en 2020,<\/li>\n\n\n\n<li>+1 million de lecteurs mensuels d\u00e8s 2023,<\/li>\n\n\n\n<li>et aujourd\u2019hui <strong>+4 millions de lecteurs mensuels<\/strong> gr\u00e2ce \u00e0 nos contenus et outils p\u00e9dagogiques.<\/li>\n<\/ul>\n\n\n<section class=\"you-know\">\n                <div class=\"you-know__title\"><p>Pourquoi Les Sherpas \u2753<\/p>\n<\/div>\n                        <div class=\"you-know__text\">\n            <p data-start=\"1868\" data-end=\"2073\">Comme les guides de l\u2019Himalaya, les Sherpas sont l\u00e0 pour accompagner pas \u00e0 pas.<br data-start=\"1947\" data-end=\"1950\" \/>Notre r\u00f4le : <strong data-start=\"1963\" data-end=\"2027\">guider les \u00e9l\u00e8ves vers les sommets de la r\u00e9ussite acad\u00e9mique<\/strong>, avec bienveillance, exigence et expertise.<\/p>\n\n        <\/div>\n              <\/section>\n\n\n\n<div style=\"height:50px\" aria-hidden=\"true\" class=\"wp-block-spacer\"><\/div>\n\n\n\n<div style=\"height:50px\" aria-hidden=\"true\" class=\"wp-block-spacer\"><\/div>\n\n\n\n<h3 class=\"wp-block-heading\" id=\"aller-plus-haut\">Aller plus haut !<\/h3>\n\n\n\n<div style=\"height:30px\" aria-hidden=\"true\" class=\"wp-block-spacer\"><\/div>\n\n\n\n<p>Conscients qu\u2019ils pouvaient faire encore plus pour les \u00e9tudiants, <strong>William et Etienne ont lanc\u00e9 <a href=\"https:\/\/sherpas.com\/blog\/\"><mark style=\"background-color:rgba(0, 0, 0, 0)\" class=\"has-inline-color has-vivid-green-cyan-color\">le blog des Sherpas<\/mark><\/a><\/strong> ainsi que leur cha\u00eene YouTube, un m\u00e9dia avec des articles r\u00e9dig\u00e9s par les \u00e9tudiants, pour les \u00e9tudiants, et qui est devenu grand ! <\/p>\n\n\n\n<div style=\"height:30px\" aria-hidden=\"true\" class=\"wp-block-spacer\"><\/div>\n\n\n\n<p>Mais on n\u2019a pas voulu s\u2019arr\u00eater l\u00e0 ! <strong>Puisque les parents sont les premiers spectateurs et acteurs de la vie scolaire et \u00e9tudiante de leurs enfants, nous avons d\u00e9cid\u00e9 de les accompagner, eux aussi, au quotidien !&nbsp;<\/strong><\/p>\n\n\n\n<div style=\"height:30px\" aria-hidden=\"true\" class=\"wp-block-spacer\"><\/div>\n\n\n\n<p>Dans <strong>notre blog Sherpas Parents<\/strong>, retrouvez chaque semaine de nouveaux contenus d\u00e9di\u00e9s aux parents qui souhaitent comprendre et accompagner les coll\u00e9giens, lyc\u00e9ens et \u00e9tudiants vers la r\u00e9ussite sans se sentir ou \u00eatre d\u00e9pass\u00e9 !<\/p>\n\n\n\n<div style=\"height:30px\" aria-hidden=\"true\" class=\"wp-block-spacer\"><\/div>\n\n\n\n<p>Vous pouvez \u00e9galement retrouver <a href=\"https:\/\/sherpas.com\/blog\/parents\/livres-sherpas\/\"><mark style=\"background-color:rgba(0, 0, 0, 0)\" class=\"has-inline-color has-vivid-green-cyan-color\">nos livres<\/mark><\/a>, nos actus et <a href=\"https:\/\/sherpas.com\/blog\/parents\/toolbox\/webinaires\/\"><mark style=\"background-color:rgba(0, 0, 0, 0)\" class=\"has-inline-color has-vivid-green-cyan-color\">webinaires<\/mark><\/a> sur <a href=\"https:\/\/www.facebook.com\/lessherpas\/?locale=fr_FR\" target=\"_blank\" rel=\"noopener\"><mark style=\"background-color:rgba(0, 0, 0, 0)\" class=\"has-inline-color has-vivid-green-cyan-color\">Facebook<\/mark><\/a> et <a href=\"https:\/\/www.youtube.com\/c\/LesSherpas\" target=\"_blank\" rel=\"noopener\"><mark style=\"background-color:rgba(0, 0, 0, 0)\" class=\"has-inline-color has-vivid-green-cyan-color\">notre cha\u00eene YouTube<\/mark><\/a>, et ne rien rater de nos articles <a href=\"https:\/\/sherpas.com\/blog\/parents\/newsletter-parents\/\" data-type=\"page\" data-id=\"265383\"><mark style=\"background-color:rgba(0, 0, 0, 0)\" class=\"has-inline-color has-vivid-green-cyan-color\">en vous inscrivant \u00e0 notre newsletter<\/mark><\/a> !<\/p>\n\n\n\n<div style=\"height:50px\" aria-hidden=\"true\" class=\"wp-block-spacer\"><\/div>\n\n\n\n<h2 class=\"wp-block-heading\" id=\"nos-missions\">Nos missions<\/h2>\n\n\n\n<div style=\"height:30px\" aria-hidden=\"true\" class=\"wp-block-spacer\"><\/div>\n\n\n\n<p>\ud83d\udc49 <strong>R\u00e9v\u00e9ler le meilleur de nos \u00e9l\u00e8ves :<\/strong>&nbsp;nous croyons profond\u00e9ment dans le potentiel de chacun pour r\u00e9ussir \u00e0 atteindre son propre sommet, quel que soit son profil et ses objectifs. Nous avons \u00e0 coeur de proposer un cadre bienveillant qui permette \u00e0 tous de donner le meilleur de soi-m\u00eame, et d&rsquo;aimer apprendre \u00e0 apprendre ! <\/p>\n\n\n\n<div style=\"height:30px\" aria-hidden=\"true\" class=\"wp-block-spacer\"><\/div>\n\n\n\n<p>\ud83d\udc49 <strong>Un accompagnement personnalis\u00e9 et sur mesure :&nbsp;<\/strong>chaque \u00e9l\u00e8ve est unique, avec ses propres aspirations et ses talents. Chez Les Sherpas, on souhaite que chaque \u00e9tudiant fasse de son parcours scolaire une r\u00e9ussite.<\/p>\n\n\n\n<div style=\"height:30px\" aria-hidden=\"true\" class=\"wp-block-spacer\"><\/div>\n\n\n\n<p>\ud83d\udc49 <strong>La r\u00e9ussite POUR TOUS :<\/strong>&nbsp;nous croyons profond\u00e9ment en l\u2019\u00e9galit\u00e9 des chances et nous engageons pour cr\u00e9er une soci\u00e9t\u00e9 plus juste et vertueuse. C\u2019est pourquoi nous avons pens\u00e9 un soutien scolaire accessible \u00e0 tous en termes de prix, qui partage la valeur de fa\u00e7on \u00e9quilibr\u00e9e entre les parents, les professeurs et la plateforme.<\/p>\n\n\n\n<div style=\"height:30px\" aria-hidden=\"true\" class=\"wp-block-spacer\"><\/div>\n\n\n\n<p>\ud83d\udc49 <strong>Les savoirs POUR TOUS :&nbsp;<\/strong>notre Blog, nos r\u00e9seaux sociaux, et notre cha\u00eene&nbsp;<a href=\"https:\/\/www.youtube.com\/c\/LesSherpas\" target=\"_blank\" rel=\"noreferrer noopener\">YouTube<\/a>&nbsp;visent \u00e0 partager largement les connaissances tout en encourageant chaque \u00e9l\u00e8ve \u00e0 mieux se conna\u00eetre et \u00e0 d\u00e9couvrir son potentiel.<\/p>\n\n\n\n<div style=\"height:30px\" aria-hidden=\"true\" class=\"wp-block-spacer\"><\/div>\n\n\n\n<div style=\"height:30px\" aria-hidden=\"true\" class=\"wp-block-spacer\"><\/div>\n\n\n<div class=\"wp-block-image\">\n<figure class=\"aligncenter size-large\"><img decoding=\"async\" src=\"https:\/\/media.giphy.com\/media\/dxCSx7uOPQjVtpw4P5\/giphy.gif\" alt=\"\u00e9tudiants dipl\u00f4m\u00e9s jetant leur bonnet\"\/><figcaption class=\"wp-element-caption\"><em>Vos enfants gr\u00e2ce aux Sherpas<\/em><\/figcaption><\/figure>\n<\/div>\n\n\n<div style=\"height:50px\" aria-hidden=\"true\" class=\"wp-block-spacer\"><\/div>\n\n\n\n<h2 class=\"wp-block-heading\" id=\"nos-valeurs\">Nos valeurs<\/h2>\n\n\n\n<div style=\"height:30px\" aria-hidden=\"true\" class=\"wp-block-spacer\"><\/div>\n\n\n\n<p>\ud83d\udcaa <strong>Ambition<\/strong> : viser haut, oser se d\u00e9passer, ne jamais se limiter.<\/p>\n\n\n\n<p><br>\ud83d\udc69\u200d\ud83c\udfeb <strong>P\u00e9dagogie<\/strong> : apprendre \u00e0 apprendre, en adaptant l\u2019accompagnement \u00e0 chaque \u00e9l\u00e8ve.<\/p>\n\n\n\n<p><br>\ud83d\udc4d <strong>Positivit\u00e9<\/strong> : progresser avec confiance, croire \u00e0 la force de la bienveillance et du droit \u00e0 l\u2019erreur.<\/p>\n\n\n\n<p><br>\ud83d\ude80 <strong>Impact<\/strong> : innover chaque jour pour plus d\u2019\u00e9galit\u00e9 dans l\u2019\u00e9ducation.<\/p>\n\n\n\n<div style=\"height:50px\" aria-hidden=\"true\" class=\"wp-block-spacer\"><\/div>\n\n\n\n<h2 class=\"wp-block-heading\" id=\"une-petite-frise-chronologique\">Une petite frise chronologique\u2026 \ud83d\udcc5<\/h2>\n\n\n\n<div style=\"height:30px\" aria-hidden=\"true\" class=\"wp-block-spacer\"><\/div>\n\n\n\n<p>Si Rome ne s\u2019est pas faite en un jour, il en est de m\u00eame pour les Sherpas !&nbsp;<\/p>\n\n\n\n<div style=\"height:30px\" aria-hidden=\"true\" class=\"wp-block-spacer\"><\/div>\n\n\n\n<p>\ud83d\udc49 <strong>2014<\/strong> : \u00c9tienne et William entrent en \u00e9cole de commerce, et commencent \u00e0 donner des cours particuliers et \u00e0 partager des conseils m\u00e9thodologiques ;<\/p>\n\n\n\n<div style=\"height:30px\" aria-hidden=\"true\" class=\"wp-block-spacer\"><\/div>\n\n\n\n<p>\ud83d\udc49 <strong>2016<\/strong> : c\u2019est le d\u00e9but de l\u2019aventure avec le lancement d\u2019un projet de start-up pour des cours particuliers (ce qui deviendra Les Sherpas !). William s\u2019immerge dans le marketing et \u00c9tienne se passionne pour le design et la vid\u00e9o (bonjour, YouTube) ;<\/p>\n\n\n\n<div style=\"height:30px\" aria-hidden=\"true\" class=\"wp-block-spacer\"><\/div>\n\n\n\n<p>\ud83d\udc49 <strong>2017 <\/strong>: \u00c9tienne et William rejoignent la Station F, le plus grand incubateur de startups au monde&nbsp;! Cette ann\u00e9e marque \u00e9galement le premier cours particulier donn\u00e9 via la plateforme, dont certains depuis la table \u00e0 repasser de William ! ;<\/p>\n\n\n\n<div style=\"height:30px\" aria-hidden=\"true\" class=\"wp-block-spacer\"><\/div>\n\n\n\n<p>\ud83d\udc49 <strong>2018<\/strong> : les co-fondateurs, qui se sont d\u00e9couvert une passion commune pour l\u2019\u00e9criture, lancent officiellement le blog des Sherpas. Ils d\u00e9passent, en l\u2019espace d\u2019\u00e0 peine deux ans, les 200 000 lecteurs \ud83d\ude0e ;&nbsp;<\/p>\n\n\n\n<div style=\"height:30px\" aria-hidden=\"true\" class=\"wp-block-spacer\"><\/div>\n\n\n\n<p>\ud83d\udc49 <strong>2019<\/strong> : Etienne et William sont dipl\u00f4m\u00e9s et d\u00e9cident de se consacrer \u00e0 plein temps aux Sherpas et lancent la cha\u00eene YouTube Les Sherpas ;<\/p>\n\n\n\n<div style=\"height:30px\" aria-hidden=\"true\" class=\"wp-block-spacer\"><\/div>\n\n\n\n<p>\ud83d\udc49 <strong>2020-2021<\/strong> : sortie des livres <em><a href=\"https:\/\/sherpas.com\/blog\/integrer-hec\/\">Int\u00e9grer HEC<\/a><\/em> et <em><a href=\"https:\/\/sherpas.com\/blog\/integrer-x\/\">Int\u00e9grer l\u2019X<\/a><\/em>.<\/p>\n\n\n\n<div style=\"height:30px\" aria-hidden=\"true\" class=\"wp-block-spacer\"><\/div>\n\n\n\n<p>\ud83d\udc49 <strong>2022-2023<\/strong> : sortie des <a href=\"https:\/\/sherpas.com\/blog\/agenda-sherpas\/\">agendas scolaires<\/a>, +10 000 familles accompagn\u00e9es et 600 000 lecteurs mensuels.<\/p>\n\n\n\n<p><br>\ud83d\udc49 <strong>2023-2024<\/strong> : +1 000 000 lecteurs mensuels, lancement sur TikTok.<\/p>\n\n\n\n<p><br>\ud83d\udc49 <strong>2024-2025<\/strong> : 1\u00e8re campagne publicitaire, +30 000 familles accompagn\u00e9es.<\/p>\n\n\n\n<p><br>\ud83d\udc49 <strong>2025<\/strong> : Nouveau livre <em>De 0 \u00e0 20\/20 \u2013 La M\u00e9thode Sherpas<\/em>, +4 000 000 lecteurs mensuels.<\/p>\n\n\n\n<div style=\"height:30px\" aria-hidden=\"true\" class=\"wp-block-spacer\"><\/div>\n\n\n\n<p>Bien s\u00fbr, tout \u00e7a, ce n\u2019est que le d\u00e9but de l\u2019aventure Sherpas \ud83d\udcaa.<\/p>\n\n\n\n<div style=\"height:50px\" aria-hidden=\"true\" class=\"wp-block-spacer\"><\/div>\n","protected":false},"excerpt":{"rendered":"<p>Cr\u00e9\u00e9e en 2017, Les Sherpas accompagne aujourd\u2019hui des milliers d\u2019\u00e9l\u00e8ves et de familles vers la r\u00e9ussite scolaire et (&#8230;)<\/p>\n","protected":false},"author":346,"featured_media":271681,"parent":0,"menu_order":6,"comment_status":"closed","ping_status":"closed","template":"about-template","meta":{"_acf_changed":true,"footnotes":""},"category":[15],"tag":[],"class_list":["post-265369","page","type-page","status-publish","has-post-thumbnail","hentry","category-toolbox"],"acf":[],"_links":{"self":[{"href":"https:\/\/sherpas.com\/blog\/parents\/wp-json\/wp\/v2\/pages\/265369","targetHints":{"allow":["GET"]}}],"collection":[{"href":"https:\/\/sherpas.com\/blog\/parents\/wp-json\/wp\/v2\/pages"}],"about":[{"href":"https:\/\/sherpas.com\/blog\/parents\/wp-json\/wp\/v2\/types\/page"}],"author":[{"embeddable":true,"href":"https:\/\/sherpas.com\/blog\/parents\/wp-json\/wp\/v2\/users\/346"}],"replies":[{"embeddable":true,"href":"https:\/\/sherpas.com\/blog\/parents\/wp-json\/wp\/v2\/comments?post=265369"}],"version-history":[{"count":0,"href":"https:\/\/sherpas.com\/blog\/parents\/wp-json\/wp\/v2\/pages\/265369\/revisions"}],"wp:featuredmedia":[{"embeddable":true,"href":"https:\/\/sherpas.com\/blog\/parents\/wp-json\/wp\/v2\/media\/271681"}],"wp:attachment":[{"href":"https:\/\/sherpas.com\/blog\/parents\/wp-json\/wp\/v2\/media?parent=265369"}],"wp:term":[{"taxonomy":"category","embeddable":true,"href":"https:\/\/sherpas.com\/blog\/parents\/wp-json\/wp\/v2\/category?post=265369"},{"taxonomy":"tag","embeddable":true,"href":"https:\/\/sherpas.com\/blog\/parents\/wp-json\/wp\/v2\/tag?post=265369"}],"curies":[{"name":"wp","href":"https:\/\/api.w.org\/{rel}","templated":true}]}}