{"id":264739,"date":"2023-09-27T21:08:36","date_gmt":"2023-09-27T19:08:36","guid":{"rendered":"https:\/\/sherpas.com\/blog\/parents\/?page_id=264739"},"modified":"2023-09-29T16:47:56","modified_gmt":"2023-09-29T14:47:56","slug":"tous-les-articles","status":"publish","type":"page","link":"https:\/\/sherpas.com\/blog\/parents\/tous-les-articles\/","title":{"rendered":"Tous les articles"},"content":{"rendered":"<section class=\"articles-widget articles-widget-- title-legend\">\n\n    <div class=\"container\">\n        <div class=\"d-lg-flex align-items-end\">\n            <h1 class=\"articles-widget__title\" id=\"tous-les-articles\">Tous les articles <\/h1>\n            <div class=\"articles-widget__subtitle\"><\/div>\n        <\/div>\n        \n            <\/div>\n<\/section>\n\n\n<section class=\"all-articles\" id=\"tous-les-articles\">\n    <div class=\"container\">\n        <div class=\"row\">\n            \n                                                                    <div class=\"col-12 col-lg-4\">\n                                                <div\n\n   class=\"article-card-vertical  article-card-vertical--3   \">\n\n            <a href=\"https:\/\/sherpas.com\/blog\/parents\/a\/concours-general-colleges\/\">\n            <picture>\n                <img decoding=\"async\" width=\"396\" height=\"223\" src=\"https:\/\/sherpas.com\/content\/uploads\/sites\/3\/2026\/04\/concours-general-college.png\" class=\"article-card-vertical__image wp-post-image\" alt=\"\" ci-src=\"https:\/\/sherpas.com\/content\/uploads\/sites\/3\/2026\/04\/concours-general-college.png?q=90\" \/>\n                \n                    \n            <\/picture>\n\n        <\/a>\n     \n  \n    <div class=\"article-card-vertical__content\">\n        <a class=\"article-card-vertical__link\" href=\"https:\/\/sherpas.com\/blog\/parents\/a\/concours-general-colleges\/\">\n            <h3 class=\"article-card-vertical__title\" id=\"concours-general-des-colleges-epreuves-inscription-et-fonctionnement\">\n                Concours g\u00e9n\u00e9ral des coll\u00e8ges : \u00e9preuves, inscription et&nbsp;fonctionnement\n            <\/h3>\n                            <div class=\"article-card-vertical__text\">\n                    Vous en avez peut-\u00eatre entendu parler, un nouveau concours fait son entr\u00e9e au coll\u00e8ge. Annonc\u00e9 par le minist\u00e8re (&#8230;)\n                <\/div>\n                    <\/a>   \n                    <div class=\"article-card-vertical__tags article-card-vertical__tags--hide\">\n                <div class=\"article-card-vertical__tag badge\"><\/div>\n            <\/div>\n            <\/div>\n<\/div>\n                    <\/div>\n                                                        <div class=\"col-12 col-lg-4\">\n                                                <div\n\n   class=\"article-card-vertical  article-card-vertical--3   \">\n\n            <a href=\"https:\/\/sherpas.com\/blog\/parents\/a\/6-7-definition\/\">\n            <picture>\n                <img decoding=\"async\" width=\"396\" height=\"223\" src=\"https:\/\/sherpas.com\/content\/uploads\/sites\/3\/2026\/04\/dico-des-parents-delulu.jpg\" class=\"article-card-vertical__image wp-post-image\" alt=\"\" ci-src=\"https:\/\/sherpas.com\/content\/uploads\/sites\/3\/2026\/04\/dico-des-parents-delulu.jpg?q=90\" \/>\n                \n                    \n            <\/picture>\n\n        <\/a>\n     \n  \n    <div class=\"article-card-vertical__content\">\n        <a class=\"article-card-vertical__link\" href=\"https:\/\/sherpas.com\/blog\/parents\/a\/6-7-definition\/\">\n            <h3 class=\"article-card-vertical__title\" id=\"dico-des-parents-6-7-six-seven\">\n                Dico des parents : 6\/7 (six seven)&nbsp;\ud83d\udd0e\n            <\/h3>\n                            <div class=\"article-card-vertical__text\">\n                    Votre ado crie myst\u00e9rieusement \u00ab six seven \u00bb dans le salon depuis quelques semaines, accompagn\u00e9 d&rsquo;un geste des (&#8230;)\n                <\/div>\n                    <\/a>   \n                    <div class=\"article-card-vertical__tags article-card-vertical__tags--hide\">\n                <div class=\"article-card-vertical__tag badge\"><\/div>\n            <\/div>\n            <\/div>\n<\/div>\n                    <\/div>\n                                                        <div class=\"col-12 col-lg-4\">\n                                                <div\n\n   class=\"article-card-vertical  article-card-vertical--3   \">\n\n            <a href=\"https:\/\/sherpas.com\/blog\/parents\/a\/cours-soutien-enfants-difficultes\/\">\n            <picture>\n                <img decoding=\"async\" width=\"396\" height=\"223\" src=\"https:\/\/sherpas.com\/content\/uploads\/sites\/3\/2025\/11\/cours-particuliers-vacances.png\" class=\"article-card-vertical__image wp-post-image\" alt=\"Professeur qui donne des cours \u00e0 son \u00e9l\u00e8ve\" ci-src=\"https:\/\/sherpas.com\/content\/uploads\/sites\/3\/2025\/11\/cours-particuliers-vacances.png?q=90\" \/>\n                \n                    \n            <\/picture>\n\n        <\/a>\n     \n  \n    <div class=\"article-card-vertical__content\">\n        <a class=\"article-card-vertical__link\" href=\"https:\/\/sherpas.com\/blog\/parents\/a\/cours-soutien-enfants-difficultes\/\">\n            <h3 class=\"article-card-vertical__title\" id=\"cours-de-soutien-a-quoi-sattendre-pour-les-enfants-en-difficulte\">\n                Cours de soutien : \u00e0 quoi s&rsquo;attendre pour les enfants en difficult\u00e9 ?&nbsp;\ud83c\udfeb\n            <\/h3>\n                            <div class=\"article-card-vertical__text\">\n                    Votre enfant rentre \u00e0 la maison avec des notes en baisse, des devoirs qui s&rsquo;accumulent et une motivation (&#8230;)\n                <\/div>\n                    <\/a>   \n                    <div class=\"article-card-vertical__tags article-card-vertical__tags--hide\">\n                <div class=\"article-card-vertical__tag badge\"><\/div>\n            <\/div>\n            <\/div>\n<\/div>\n                    <\/div>\n                                                        <div class=\"col-12 col-lg-4\">\n                                                <div\n\n   class=\"article-card-vertical  article-card-vertical--3   \">\n\n            <a href=\"https:\/\/sherpas.com\/blog\/parents\/a\/motivation-ado-fin-annee-scolaire\/\">\n            <picture>\n                <img decoding=\"async\" width=\"396\" height=\"223\" src=\"https:\/\/sherpas.com\/content\/uploads\/sites\/3\/2026\/03\/motiver-ado-fin-annee-scolaire.jpg\" class=\"article-card-vertical__image wp-post-image\" alt=\"\" ci-src=\"https:\/\/sherpas.com\/content\/uploads\/sites\/3\/2026\/03\/motiver-ado-fin-annee-scolaire.jpg?q=90\" \/>\n                \n                    \n            <\/picture>\n\n        <\/a>\n     \n  \n    <div class=\"article-card-vertical__content\">\n        <a class=\"article-card-vertical__link\" href=\"https:\/\/sherpas.com\/blog\/parents\/a\/motivation-ado-fin-annee-scolaire\/\">\n            <h3 class=\"article-card-vertical__title\" id=\"comment-motiver-son-ado-jusqua-la-fin-de-lannee-scolaire\">\n                Comment motiver son ado jusqu\u2019\u00e0 la fin de l\u2019ann\u00e9e scolaire ?&nbsp;\ud83e\udec2\n            <\/h3>\n                            <div class=\"article-card-vertical__text\">\n                    La fin d&rsquo;ann\u00e9e approche, et vous le sentez probablement \u00e0 la maison. Les cours s&rsquo;accumulent, les examens se (&#8230;)\n                <\/div>\n                    <\/a>   \n                    <div class=\"article-card-vertical__tags article-card-vertical__tags--hide\">\n                <div class=\"article-card-vertical__tag badge\"><\/div>\n            <\/div>\n            <\/div>\n<\/div>\n                    <\/div>\n                                                        <div class=\"col-12 col-lg-4\">\n                                                <div\n\n   class=\"article-card-vertical  article-card-vertical--3   \">\n\n            <a href=\"https:\/\/sherpas.com\/blog\/parents\/a\/redoublement-scolaire\/\">\n            <picture>\n                <img decoding=\"async\" width=\"396\" height=\"264\" src=\"https:\/\/sherpas.com\/content\/uploads\/sites\/3\/2023\/12\/redoublement-scolaire-1-396x264.jpg\" class=\"article-card-vertical__image wp-post-image\" alt=\"redoublement scolaire\" srcset=\"https:\/\/xapbm7c37i.cloudimg.io\/https:\/\/sherpas.com\/content\/uploads\/sites\/3\/2023\/12\/redoublement-scolaire-1-396x264.jpg?q=90&amp;org_if_sml=1&amp;w=396 396w, https:\/\/xapbm7c37i.cloudimg.io\/https:\/\/sherpas.com\/content\/uploads\/sites\/3\/2023\/12\/redoublement-scolaire-1-396x264.jpg?q=90&amp;org_if_sml=1&amp;w=300 300w, https:\/\/xapbm7c37i.cloudimg.io\/https:\/\/sherpas.com\/content\/uploads\/sites\/3\/2023\/12\/redoublement-scolaire-1-396x264.jpg?q=90&amp;org_if_sml=1&amp;w=1024 1024w, https:\/\/xapbm7c37i.cloudimg.io\/https:\/\/sherpas.com\/content\/uploads\/sites\/3\/2023\/12\/redoublement-scolaire-1-396x264.jpg?q=90&amp;org_if_sml=1&amp;w=768 768w, https:\/\/xapbm7c37i.cloudimg.io\/https:\/\/sherpas.com\/content\/uploads\/sites\/3\/2023\/12\/redoublement-scolaire-1-396x264.jpg?q=90&amp;org_if_sml=1&amp;w=1536 1536w, https:\/\/xapbm7c37i.cloudimg.io\/https:\/\/sherpas.com\/content\/uploads\/sites\/3\/2023\/12\/redoublement-scolaire-1-396x264.jpg?q=90&amp;org_if_sml=1&amp;w=188 188w, https:\/\/xapbm7c37i.cloudimg.io\/https:\/\/sherpas.com\/content\/uploads\/sites\/3\/2023\/12\/redoublement-scolaire-1-396x264.jpg?q=90&amp;org_if_sml=1&amp;w=288 288w, https:\/\/xapbm7c37i.cloudimg.io\/https:\/\/sherpas.com\/content\/uploads\/sites\/3\/2023\/12\/redoublement-scolaire-1-396x264.jpg?q=90&amp;org_if_sml=1&amp;w=557 557w, https:\/\/xapbm7c37i.cloudimg.io\/https:\/\/sherpas.com\/content\/uploads\/sites\/3\/2023\/12\/redoublement-scolaire-1-396x264.jpg?q=90&amp;org_if_sml=1&amp;w=265 265w, https:\/\/xapbm7c37i.cloudimg.io\/https:\/\/sherpas.com\/content\/uploads\/sites\/3\/2023\/12\/redoublement-scolaire-1-396x264.jpg?q=90&amp;org_if_sml=1&amp;w=60 60w, https:\/\/xapbm7c37i.cloudimg.io\/https:\/\/sherpas.com\/content\/uploads\/sites\/3\/2023\/12\/redoublement-scolaire-1-396x264.jpg?q=90&amp;org_if_sml=1&amp;w=725 725w, https:\/\/xapbm7c37i.cloudimg.io\/https:\/\/sherpas.com\/content\/uploads\/sites\/3\/2023\/12\/redoublement-scolaire-1-396x264.jpg?q=90&amp;org_if_sml=1&amp;w=378 378w, https:\/\/xapbm7c37i.cloudimg.io\/https:\/\/sherpas.com\/content\/uploads\/sites\/3\/2023\/12\/redoublement-scolaire-1-396x264.jpg?q=90&amp;org_if_sml=1&amp;w=1920 1920w\" sizes=\"(max-width: 396px) 100vw, 396px\" ci-src=\"https:\/\/sherpas.com\/content\/uploads\/sites\/3\/2023\/12\/redoublement-scolaire-1-396x264.jpg?q=90\" \/>\n                \n                    \n            <\/picture>\n\n        <\/a>\n     \n  \n    <div class=\"article-card-vertical__content\">\n        <a class=\"article-card-vertical__link\" href=\"https:\/\/sherpas.com\/blog\/parents\/a\/redoublement-scolaire\/\">\n            <h3 class=\"article-card-vertical__title\" id=\"le-redoublement-a-lecole-quest-ce-que-ca-implique\">\n                Le redoublement \u00e0 l\u2019\u00e9cole : qu&rsquo;est-ce que \u00e7a implique ?&nbsp;\ud83d\udd01\n            <\/h3>\n                            <div class=\"article-card-vertical__text\">\n                    Votre enfant doit redoubler ou est sur le point de le faire ? Pas de panique ! Nous (&#8230;)\n                <\/div>\n                    <\/a>   \n                    <div class=\"article-card-vertical__tags article-card-vertical__tags--hide\">\n                <div class=\"article-card-vertical__tag badge\"><\/div>\n            <\/div>\n            <\/div>\n<\/div>\n                    <\/div>\n                                                        <div class=\"col-12 col-lg-4\">\n                                                <div\n\n   class=\"article-card-vertical  article-card-vertical--3   \">\n\n            <a href=\"https:\/\/sherpas.com\/blog\/parents\/a\/egalite-des-chances-2026\/\">\n            <picture>\n                <img decoding=\"async\" width=\"396\" height=\"223\" src=\"https:\/\/sherpas.com\/content\/uploads\/sites\/3\/2026\/03\/brouillon-barometre.jpg\" class=\"article-card-vertical__image wp-post-image\" alt=\"Ifop x Les Sherpas 2026\" ci-src=\"https:\/\/sherpas.com\/content\/uploads\/sites\/3\/2026\/03\/brouillon-barometre.jpg?q=90\" \/>\n                \n                    \n            <\/picture>\n\n        <\/a>\n     \n  \n    <div class=\"article-card-vertical__content\">\n        <a class=\"article-card-vertical__link\" href=\"https:\/\/sherpas.com\/blog\/parents\/a\/egalite-des-chances-2026\/\">\n            <h3 class=\"article-card-vertical__title\" id=\"egalite-des-chances-44-des-parents-estiment-que-lecole-renforce-les-inegalites\">\n                \u00c9galit\u00e9 des chances : 44% des parents estiment que l\u2019\u00e9cole renforce les in\u00e9galit\u00e9s&nbsp;\ud83d\udd0e\n            <\/h3>\n                            <div class=\"article-card-vertical__text\">\n                    Depuis 2022, nous collaborons avec l\u2019IFOP pour publier notre barom\u00e8tre \u00e9galit\u00e9 des chances. Cette ann\u00e9e encore, nous avons (&#8230;)\n                <\/div>\n                    <\/a>   \n                    <div class=\"article-card-vertical__tags article-card-vertical__tags--hide\">\n                <div class=\"article-card-vertical__tag badge\"><\/div>\n            <\/div>\n            <\/div>\n<\/div>\n                    <\/div>\n                                                        <div class=\"col-12 col-lg-4\">\n                                                <div\n\n   class=\"article-card-vertical  article-card-vertical--3   \">\n\n            <a href=\"https:\/\/sherpas.com\/blog\/parents\/a\/comment-les-ados-sinforment\/\">\n            <picture>\n                <img decoding=\"async\" width=\"396\" height=\"223\" src=\"https:\/\/sherpas.com\/content\/uploads\/sites\/3\/2026\/03\/comment-les-ados-sinforment.jpg\" class=\"article-card-vertical__image wp-post-image\" alt=\"comment les ados s&#039;informent\" ci-src=\"https:\/\/sherpas.com\/content\/uploads\/sites\/3\/2026\/03\/comment-les-ados-sinforment.jpg?q=90\" \/>\n                \n                    \n            <\/picture>\n\n        <\/a>\n     \n  \n    <div class=\"article-card-vertical__content\">\n        <a class=\"article-card-vertical__link\" href=\"https:\/\/sherpas.com\/blog\/parents\/a\/comment-les-ados-sinforment\/\">\n            <h3 class=\"article-card-vertical__title\" id=\"ados-et-informations-decryptage\">\n                Ados et informations :&nbsp;d\u00e9cryptage\ud83d\udcf1\n            <\/h3>\n                            <div class=\"article-card-vertical__text\">\n                    Quand vous demandez \u00e0 votre ado comment il s\u2019informe, il vous r\u00e9pond automatiquement \u201csur les r\u00e9seaux sociaux\u201d ? (&#8230;)\n                <\/div>\n                    <\/a>   \n                    <div class=\"article-card-vertical__tags article-card-vertical__tags--hide\">\n                <div class=\"article-card-vertical__tag badge\"><\/div>\n            <\/div>\n            <\/div>\n<\/div>\n                    <\/div>\n                                                        <div class=\"col-12 col-lg-4\">\n                                                <div\n\n   class=\"article-card-vertical  article-card-vertical--3   \">\n\n            <a href=\"https:\/\/sherpas.com\/blog\/parents\/a\/banger-definition\/\">\n            <picture>\n                <img decoding=\"async\" width=\"396\" height=\"222\" src=\"https:\/\/sherpas.com\/content\/uploads\/sites\/3\/2025\/08\/banger.jpg\" class=\"article-card-vertical__image wp-post-image\" alt=\"banger\" ci-src=\"https:\/\/sherpas.com\/content\/uploads\/sites\/3\/2025\/08\/banger.jpg?q=90\" \/>\n                \n                    \n            <\/picture>\n\n        <\/a>\n     \n  \n    <div class=\"article-card-vertical__content\">\n        <a class=\"article-card-vertical__link\" href=\"https:\/\/sherpas.com\/blog\/parents\/a\/banger-definition\/\">\n            <h3 class=\"article-card-vertical__title\" id=\"dico-des-parents-cest-un-banger\">\n                Dico des Parents : c\u2019est un banger&nbsp;\ud83d\udd25\n            <\/h3>\n                            <div class=\"article-card-vertical__text\">\n                    Le vocabulaire des ados ne manque jamais d\u2019imagination. Chaque ann\u00e9e, de nouvelles expressions d\u00e9barquent dans leurs conversations. Et (&#8230;)\n                <\/div>\n                    <\/a>   \n                    <div class=\"article-card-vertical__tags article-card-vertical__tags--hide\">\n                <div class=\"article-card-vertical__tag badge\"><\/div>\n            <\/div>\n            <\/div>\n<\/div>\n                    <\/div>\n                                                        <div class=\"col-12 col-lg-4\">\n                                                <div\n\n   class=\"article-card-vertical  article-card-vertical--3   \">\n\n            <a href=\"https:\/\/sherpas.com\/blog\/parents\/a\/mangas-ados\/\">\n            <picture>\n                <img decoding=\"async\" width=\"396\" height=\"223\" src=\"https:\/\/sherpas.com\/content\/uploads\/sites\/3\/2026\/03\/manga.jpg\" class=\"article-card-vertical__image wp-post-image\" alt=\"\" ci-src=\"https:\/\/sherpas.com\/content\/uploads\/sites\/3\/2026\/03\/manga.jpg?q=90\" \/>\n                \n                    \n            <\/picture>\n\n        <\/a>\n     \n  \n    <div class=\"article-card-vertical__content\">\n        <a class=\"article-card-vertical__link\" href=\"https:\/\/sherpas.com\/blog\/parents\/a\/mangas-ados\/\">\n            <h3 class=\"article-card-vertical__title\" id=\"decryptage-comprendre-lattrait-de-vos-ados-pour-les-mangas\">\n                D\u00e9cryptage : comprendre l\u2019attrait de vos ados pour les mangas&nbsp;\ud83d\udd0e\n            <\/h3>\n                            <div class=\"article-card-vertical__text\">\n                    Votre ado passe ses soir\u00e9es \u00e0 lire de petits volumes en noir et blanc et vous parle sans (&#8230;)\n                <\/div>\n                    <\/a>   \n                    <div class=\"article-card-vertical__tags article-card-vertical__tags--hide\">\n                <div class=\"article-card-vertical__tag badge\"><\/div>\n            <\/div>\n            <\/div>\n<\/div>\n                    <\/div>\n                                                    <\/div>\n\n                    <div class=\"all-articles__pagination\">\n                 <span aria-current=\"page\" class=\"page-numbers current\"><span class=\"all-articles__page\">1<\/span><\/span><a class=\"page-numbers\" href=\"https:\/\/sherpas.com\/blog\/parents\/wp-json\/wp\/v2\/pages\/264739\/page\/2\/#tous-les-articles\"><span class=\"all-articles__page\">2<\/span><\/a><a class=\"page-numbers\" href=\"https:\/\/sherpas.com\/blog\/parents\/wp-json\/wp\/v2\/pages\/264739\/page\/3\/#tous-les-articles\"><span class=\"all-articles__page\">3<\/span><\/a><a class=\"page-numbers\" href=\"https:\/\/sherpas.com\/blog\/parents\/wp-json\/wp\/v2\/pages\/264739\/page\/4\/#tous-les-articles\"><span class=\"all-articles__page\">4<\/span><\/a><a class=\"page-numbers\" href=\"https:\/\/sherpas.com\/blog\/parents\/wp-json\/wp\/v2\/pages\/264739\/page\/5\/#tous-les-articles\"><span class=\"all-articles__page\">5<\/span><\/a><a class=\"page-numbers\" href=\"https:\/\/sherpas.com\/blog\/parents\/wp-json\/wp\/v2\/pages\/264739\/page\/10\/#tous-les-articles\"><span class=\"all-articles__page\">10<\/span><\/a><a class=\"page-numbers\" href=\"https:\/\/sherpas.com\/blog\/parents\/wp-json\/wp\/v2\/pages\/264739\/page\/15\/#tous-les-articles\"><span class=\"all-articles__page\">15<\/span><\/a><a class=\"page-numbers\" href=\"https:\/\/sherpas.com\/blog\/parents\/wp-json\/wp\/v2\/pages\/264739\/page\/20\/#tous-les-articles\"><span class=\"all-articles__page\">20<\/span><\/a><a class=\"page-numbers\" href=\"https:\/\/sherpas.com\/blog\/parents\/wp-json\/wp\/v2\/pages\/264739\/page\/25\/#tous-les-articles\"><span class=\"all-articles__page\">25<\/span><\/a><a class=\"page-numbers\" href=\"https:\/\/sherpas.com\/blog\/parents\/wp-json\/wp\/v2\/pages\/264739\/page\/30\/#tous-les-articles\"><span class=\"all-articles__page\">30<\/span><\/a><a class=\"page-numbers\" href=\"https:\/\/sherpas.com\/blog\/parents\/wp-json\/wp\/v2\/pages\/264739\/page\/35\/#tous-les-articles\"><span class=\"all-articles__page\">35<\/span><\/a><a class=\"page-numbers\" href=\"https:\/\/sherpas.com\/blog\/parents\/wp-json\/wp\/v2\/pages\/264739\/page\/40\/#tous-les-articles\"><span class=\"all-articles__page\">40<\/span><\/a><a class=\"page-numbers\" href=\"https:\/\/sherpas.com\/blog\/parents\/wp-json\/wp\/v2\/pages\/264739\/page\/45\/#tous-les-articles\"><span class=\"all-articles__page\">45<\/span><\/a><a class=\"page-numbers\" href=\"https:\/\/sherpas.com\/blog\/parents\/wp-json\/wp\/v2\/pages\/264739\/page\/50\/#tous-les-articles\"><span class=\"all-articles__page\">50<\/span><\/a><a class=\"page-numbers\" href=\"https:\/\/sherpas.com\/blog\/parents\/wp-json\/wp\/v2\/pages\/264739\/page\/51\/#tous-les-articles\"><span class=\"all-articles__page\">51<\/span><\/a><a class=\"next page-numbers\" href=\"https:\/\/sherpas.com\/blog\/parents\/wp-json\/wp\/v2\/pages\/264739\/page\/2\/#tous-les-articles\">Suivant<\/a>            <\/div>\n            <\/div>\n<\/section>","protected":false},"excerpt":{"rendered":"","protected":false},"author":336,"featured_media":0,"parent":0,"menu_order":0,"comment_status":"closed","ping_status":"closed","template":"","meta":{"_acf_changed":false,"footnotes":""},"category":[],"tag":[],"class_list":["post-264739","page","type-page","status-publish","hentry"],"acf":[],"_links":{"self":[{"href":"https:\/\/sherpas.com\/blog\/parents\/wp-json\/wp\/v2\/pages\/264739","targetHints":{"allow":["GET"]}}],"collection":[{"href":"https:\/\/sherpas.com\/blog\/parents\/wp-json\/wp\/v2\/pages"}],"about":[{"href":"https:\/\/sherpas.com\/blog\/parents\/wp-json\/wp\/v2\/types\/page"}],"author":[{"embeddable":true,"href":"https:\/\/sherpas.com\/blog\/parents\/wp-json\/wp\/v2\/users\/336"}],"replies":[{"embeddable":true,"href":"https:\/\/sherpas.com\/blog\/parents\/wp-json\/wp\/v2\/comments?post=264739"}],"version-history":[{"count":0,"href":"https:\/\/sherpas.com\/blog\/parents\/wp-json\/wp\/v2\/pages\/264739\/revisions"}],"wp:attachment":[{"href":"https:\/\/sherpas.com\/blog\/parents\/wp-json\/wp\/v2\/media?parent=264739"}],"wp:term":[{"taxonomy":"category","embeddable":true,"href":"https:\/\/sherpas.com\/blog\/parents\/wp-json\/wp\/v2\/category?post=264739"},{"taxonomy":"tag","embeddable":true,"href":"https:\/\/sherpas.com\/blog\/parents\/wp-json\/wp\/v2\/tag?post=264739"}],"curies":[{"name":"wp","href":"https:\/\/api.w.org\/{rel}","templated":true}]}}